{"id":13665,"date":"2023-12-05T07:50:31","date_gmt":"2023-12-05T07:50:31","guid":{"rendered":"https:\/\/bridge511.qodeinteractive.com\/?page_id=13665"},"modified":"2026-04-29T10:32:20","modified_gmt":"2026-04-29T09:32:20","slug":"home","status":"publish","type":"page","link":"https:\/\/campusgranna.se\/en\/","title":{"rendered":"Home"},"content":{"rendered":"<div data-elementor-type=\"wp-page\" data-elementor-id=\"13665\" class=\"elementor elementor-13665\">\n\t\t\t\t<div class=\"elementor-element elementor-element-c85792f e-con-full e-flex parallax_section_no qode_elementor_container_no e-con e-parent\" data-id=\"c85792f\" data-element_type=\"container\" data-e-type=\"container\" data-settings=\"{&quot;background_background&quot;:&quot;classic&quot;}\">\n\t\t<div class=\"elementor-element elementor-element-4c4bb24 e-flex e-con-boxed parallax_section_no qode_elementor_container_no e-con e-child\" data-id=\"4c4bb24\" data-element_type=\"container\" data-e-type=\"container\">\n\t\t\t\t\t<div class=\"e-con-inner\">\n\t\t\t\t<div class=\"elementor-element elementor-element-d0d766c elementor-widget elementor-widget-spacer\" data-id=\"d0d766c\" data-element_type=\"widget\" data-e-type=\"widget\" data-widget_type=\"spacer.default\">\n\t\t\t\t<div class=\"elementor-widget-container\">\n\t\t\t\t\t\t\t<div class=\"elementor-spacer\">\n\t\t\t<div class=\"elementor-spacer-inner\"><\/div>\n\t\t<\/div>\n\t\t\t\t\t\t<\/div>\n\t\t\t\t<\/div>\n\t\t\t\t<div class=\"elementor-element elementor-element-60126ee elementor-widget__width-initial elementor-widget elementor-widget-text-editor\" data-id=\"60126ee\" data-element_type=\"widget\" data-e-type=\"widget\" data-widget_type=\"text-editor.default\">\n\t\t\t\t<div class=\"elementor-widget-container\">\n\t\t\t\t\t\t\t\t\t<h1><span style=\"color: #ffffff;\">V\u00e4lkommen till Campus Gr\u00e4nna<\/span><\/h1>\t\t\t\t\t\t\t\t<\/div>\n\t\t\t\t<\/div>\n\t\t\t\t<div class=\"elementor-element elementor-element-5bdc6bd elementor-widget elementor-widget-text-editor\" data-id=\"5bdc6bd\" data-element_type=\"widget\" data-e-type=\"widget\" data-widget_type=\"text-editor.default\">\n\t\t\t\t<div class=\"elementor-widget-container\">\n\t\t\t\t\t\t\t\t\t<h4><span style=\"color: #ffffff;\">Omtanke &#8211; Engagemang &#8211; Gl\u00e4dje &#8211; Trygghet<\/span><\/h4>\t\t\t\t\t\t\t\t<\/div>\n\t\t\t\t<\/div>\n\t\t\t\t<div class=\"elementor-element elementor-element-3c83cf0 elementor-widget elementor-widget-spacer\" data-id=\"3c83cf0\" data-element_type=\"widget\" data-e-type=\"widget\" data-widget_type=\"spacer.default\">\n\t\t\t\t<div class=\"elementor-widget-container\">\n\t\t\t\t\t\t\t<div class=\"elementor-spacer\">\n\t\t\t<div class=\"elementor-spacer-inner\"><\/div>\n\t\t<\/div>\n\t\t\t\t\t\t<\/div>\n\t\t\t\t<\/div>\n\t\t\t\t\t<\/div>\n\t\t\t\t<\/div>\n\t\t\t\t<\/div>\n\t\t<div class=\"elementor-element elementor-element-35dfa0b e-flex e-con-boxed parallax_section_no qode_elementor_container_no e-con e-parent\" data-id=\"35dfa0b\" data-element_type=\"container\" data-e-type=\"container\">\n\t\t\t\t\t<div class=\"e-con-inner\">\n\t\t\t\t<div class=\"elementor-element elementor-element-ce34f52 elementor-widget__width-initial elementor-widget elementor-widget-text-editor\" data-id=\"ce34f52\" data-element_type=\"widget\" data-e-type=\"widget\" data-widget_type=\"text-editor.default\">\n\t\t\t\t<div class=\"elementor-widget-container\">\n\t\t\t\t\t\t\t\t\t<h2>V\u00e4lkommen till oss. En idyllisk plats med l\u00e5ng historia.<\/h2>\t\t\t\t\t\t\t\t<\/div>\n\t\t\t\t<\/div>\n\t\t\t\t\t<\/div>\n\t\t\t\t<\/div>\n\t\t<div class=\"elementor-element elementor-element-71ecb16 e-flex e-con-boxed parallax_section_no qode_elementor_container_no e-con e-parent\" data-id=\"71ecb16\" data-element_type=\"container\" data-e-type=\"container\">\n\t\t\t\t\t<div class=\"e-con-inner\">\n\t\t<div class=\"elementor-element elementor-element-727b4a3 e-con-full e-flex parallax_section_no qode_elementor_container_no e-con e-child\" data-id=\"727b4a3\" data-element_type=\"container\" data-e-type=\"container\">\n\t\t\t\t<div class=\"elementor-element elementor-element-fca5013 elementor-widget elementor-widget-bridge_image_gallery\" data-id=\"fca5013\" data-element_type=\"widget\" data-e-type=\"widget\" data-widget_type=\"bridge_image_gallery.default\">\n\t\t\t\t<div class=\"elementor-widget-container\">\n\t\t\t\t\t<div class=\"qode-image-gallery\"><div class=\"qode-image-gallery-inner\"><div class=\"qode-image-gallery-slides wpb_image_grid\" data-interval=\"\"data-control=\"&quot;false&quot;data-direction=&quot;false&quot;data-pause-on-hover=&quot;false&quot;data-drag=&quot;false&quot;\"><div class=\"gallery_holder\"><ul class=\"gallery_inner   v0\"><li class=\"no_grayscale\"><img decoding=\"async\" src=\"https:\/\/campusgranna.se\/wp-content\/uploads\/2024\/12\/modern-house_4056593-75x75.png\" alt=\"\" width=\"75\" height=\"75\" \/><\/li><\/ul><\/div><\/div><\/div><\/div>\t\t\t\t<\/div>\n\t\t\t\t<\/div>\n\t\t\t\t<div class=\"elementor-element elementor-element-a85a8c4 elementor-widget elementor-widget-text-editor\" data-id=\"a85a8c4\" data-element_type=\"widget\" data-e-type=\"widget\" data-widget_type=\"text-editor.default\">\n\t\t\t\t<div class=\"elementor-widget-container\">\n\t\t\t\t\t\t\t\t\t<h3 class=\"qodef-m-title\"><span class=\"qodef-m-title-text\">Boende<\/span><\/h3>\t\t\t\t\t\t\t\t<\/div>\n\t\t\t\t<\/div>\n\t\t\t\t<div class=\"elementor-element elementor-element-82b26fa elementor-widget__width-initial elementor-widget elementor-widget-text-editor\" data-id=\"82b26fa\" data-element_type=\"widget\" data-e-type=\"widget\" data-widget_type=\"text-editor.default\">\n\t\t\t\t<div class=\"elementor-widget-container\">\n\t\t\t\t\t\t\t\t\t<p>P\u00e5 Campus Gr\u00e4nna har vi fullt med studenter fr\u00e5n hel v\u00e4rlden som bor i studentbost\u00e4der. M\u00e5nga med fantastisk utsikt \u00f6ver Gr\u00e4nna stad, V\u00e4tterns v\u00e5gor och o\u00e4ndlig horisont.\u00a0<\/p>\t\t\t\t\t\t\t\t<\/div>\n\t\t\t\t<\/div>\n\t\t\t\t<\/div>\n\t\t<div class=\"elementor-element elementor-element-529eff9 e-con-full e-flex parallax_section_no qode_elementor_container_no e-con e-child\" data-id=\"529eff9\" data-element_type=\"container\" data-e-type=\"container\">\n\t\t\t\t<div class=\"elementor-element elementor-element-5518968 elementor-widget elementor-widget-bridge_image_gallery\" data-id=\"5518968\" data-element_type=\"widget\" data-e-type=\"widget\" data-widget_type=\"bridge_image_gallery.default\">\n\t\t\t\t<div class=\"elementor-widget-container\">\n\t\t\t\t\t<div class=\"qode-image-gallery\"><div class=\"qode-image-gallery-inner\"><div class=\"qode-image-gallery-slides wpb_image_grid\" data-interval=\"\"data-control=\"&quot;false&quot;data-direction=&quot;false&quot;data-pause-on-hover=&quot;false&quot;data-drag=&quot;false&quot;\"><div class=\"gallery_holder\"><ul class=\"gallery_inner   v0\"><li class=\"no_grayscale\"><img decoding=\"async\" src=\"https:\/\/campusgranna.se\/wp-content\/uploads\/2024\/12\/money_10941912-75x75.png\" alt=\"\" width=\"75\" height=\"75\" \/><\/li><\/ul><\/div><\/div><\/div><\/div>\t\t\t\t<\/div>\n\t\t\t\t<\/div>\n\t\t\t\t<div class=\"elementor-element elementor-element-c926c39 elementor-widget elementor-widget-text-editor\" data-id=\"c926c39\" data-element_type=\"widget\" data-e-type=\"widget\" data-widget_type=\"text-editor.default\">\n\t\t\t\t<div class=\"elementor-widget-container\">\n\t\t\t\t\t\t\t\t\t<h3 class=\"qodef-m-title\"><a href=\"https:\/\/campusgranna.se\/en\/konferens\/\" target=\"_blank\" rel=\"noopener\">Konferens<\/a><\/h3>\t\t\t\t\t\t\t\t<\/div>\n\t\t\t\t<\/div>\n\t\t\t\t<div class=\"elementor-element elementor-element-9392861 elementor-widget__width-initial elementor-widget elementor-widget-text-editor\" data-id=\"9392861\" data-element_type=\"widget\" data-e-type=\"widget\" data-widget_type=\"text-editor.default\">\n\t\t\t\t<div class=\"elementor-widget-container\">\n\t\t\t\t\t\t\t\t\t<p>Vi har en m\u00e4ngd konferenser varje \u00e5r d\u00e4r deltagarna l\u00e4r sig nya saker i en inspirerande milj\u00f6 med gamla anor. Allt f\u00f6rgyllt med fantastisk mat, go fika och mysigt boende.<\/p>\t\t\t\t\t\t\t\t<\/div>\n\t\t\t\t<\/div>\n\t\t\t\t<\/div>\n\t\t<div class=\"elementor-element elementor-element-d508644 e-con-full e-flex parallax_section_no qode_elementor_container_no e-con e-child\" data-id=\"d508644\" data-element_type=\"container\" data-e-type=\"container\">\n\t\t\t\t<div class=\"elementor-element elementor-element-3e46d88 elementor-widget elementor-widget-bridge_image_gallery\" data-id=\"3e46d88\" data-element_type=\"widget\" data-e-type=\"widget\" data-widget_type=\"bridge_image_gallery.default\">\n\t\t\t\t<div class=\"elementor-widget-container\">\n\t\t\t\t\t<div class=\"qode-image-gallery\"><div class=\"qode-image-gallery-inner\"><div class=\"qode-image-gallery-slides wpb_image_grid\" data-interval=\"\"data-control=\"&quot;false&quot;data-direction=&quot;false&quot;data-pause-on-hover=&quot;false&quot;data-drag=&quot;false&quot;\"><div class=\"gallery_holder\"><ul class=\"gallery_inner   v0\"><li class=\"no_grayscale\"><img decoding=\"async\" src=\"https:\/\/campusgranna.se\/wp-content\/uploads\/2024\/12\/home_2965863-75x75.png\" alt=\"\" width=\"75\" height=\"75\" \/><\/li><\/ul><\/div><\/div><\/div><\/div>\t\t\t\t<\/div>\n\t\t\t\t<\/div>\n\t\t\t\t<div class=\"elementor-element elementor-element-50e47b7 elementor-widget elementor-widget-text-editor\" data-id=\"50e47b7\" data-element_type=\"widget\" data-e-type=\"widget\" data-widget_type=\"text-editor.default\">\n\t\t\t\t<div class=\"elementor-widget-container\">\n\t\t\t\t\t\t\t\t\t<h3><a href=\"https:\/\/campusgranna.se\/en\/restaurangen\/\">Restaurangen<\/a><\/h3>\t\t\t\t\t\t\t\t<\/div>\n\t\t\t\t<\/div>\n\t\t\t\t<div class=\"elementor-element elementor-element-3bf3a8a elementor-widget__width-initial elementor-widget elementor-widget-text-editor\" data-id=\"3bf3a8a\" data-element_type=\"widget\" data-e-type=\"widget\" data-widget_type=\"text-editor.default\">\n\t\t\t\t<div class=\"elementor-widget-container\">\n\t\t\t\t\t\t\t\t\t<p>Varje dag \u00e5ret runt tillagas och serveras lunch och middag till studenter p\u00e5 JUE.\u00a0<\/p><p>\u00a0<\/p>\t\t\t\t\t\t\t\t<\/div>\n\t\t\t\t<\/div>\n\t\t\t\t<\/div>\n\t\t\t\t\t<\/div>\n\t\t\t\t<\/div>\n\t\t<div class=\"elementor-element elementor-element-f25a0be e-flex e-con-boxed parallax_section_no qode_elementor_container_no e-con e-parent\" data-id=\"f25a0be\" data-element_type=\"container\" data-e-type=\"container\">\n\t\t\t\t\t<div class=\"e-con-inner\">\n\t\t\t\t<div class=\"elementor-element elementor-element-1267164 elementor-widget elementor-widget-heading\" data-id=\"1267164\" data-element_type=\"widget\" data-e-type=\"widget\" data-widget_type=\"heading.default\">\n\t\t\t\t<div class=\"elementor-widget-container\">\n\t\t\t\t\t<h2 class=\"elementor-heading-title elementor-size-default\">G\u00f6r en digital tur p\u00e5 Campus Gr\u00e4nna<\/h2>\t\t\t\t<\/div>\n\t\t\t\t<\/div>\n\t\t\t\t\t<\/div>\n\t\t\t\t<\/div>\n\t\t<div class=\"elementor-element elementor-element-d94e73e e-flex e-con-boxed parallax_section_no qode_elementor_container_no e-con e-parent\" data-id=\"d94e73e\" data-element_type=\"container\" data-e-type=\"container\">\n\t\t\t\t\t<div class=\"e-con-inner\">\n\t\t<div class=\"elementor-element elementor-element-d2ffa30 e-con-full e-flex parallax_section_no qode_elementor_container_no e-con e-child\" data-id=\"d2ffa30\" data-element_type=\"container\" data-e-type=\"container\">\n\t\t\t\t<div class=\"elementor-element elementor-element-2887e6a elementor-widget elementor-widget-image\" data-id=\"2887e6a\" data-element_type=\"widget\" data-e-type=\"widget\" data-widget_type=\"image.default\">\n\t\t\t\t<div class=\"elementor-widget-container\">\n\t\t\t\t\t\t\t\t\t\t\t\t\t\t\t\t<a href=\"https:\/\/ju.view360.se\/tour#granna\" target=\"_blank\">\n\t\t\t\t\t\t\t<img loading=\"lazy\" decoding=\"async\" width=\"800\" height=\"600\" src=\"https:\/\/campusgranna.se\/wp-content\/uploads\/2025\/02\/cg_ow-800x600.jpg\" class=\"attachment-portfolio-landscape size-portfolio-landscape wp-image-15812\" alt=\"\" \/>\t\t\t\t\t\t\t\t<\/a>\n\t\t\t\t\t\t\t\t\t\t\t\t\t\t\t<\/div>\n\t\t\t\t<\/div>\n\t\t\t\t<\/div>\n\t\t<div class=\"elementor-element elementor-element-89280b6 e-con-full e-flex parallax_section_no qode_elementor_container_no e-con e-child\" data-id=\"89280b6\" data-element_type=\"container\" data-e-type=\"container\" data-settings=\"{&quot;background_background&quot;:&quot;classic&quot;}\">\n\t\t\t\t<div class=\"elementor-element elementor-element-d94da01 elementor-widget__width-initial elementor-widget elementor-widget-text-editor\" data-id=\"d94da01\" data-element_type=\"widget\" data-e-type=\"widget\" data-widget_type=\"text-editor.default\">\n\t\t\t\t<div class=\"elementor-widget-container\">\n\t\t\t\t\t\t\t\t\t<p><span style=\"font-size: 16px;\">Nyfiken p\u00e5 Campus Gr\u00e4nna? F\u00f6lja med p\u00e5 en digital rundvandring <a href=\"https:\/\/ju.view360.se\/tour#granna\">&gt;&gt;\u00a0<\/a><\/span><\/p><p><img loading=\"lazy\" decoding=\"async\" class=\"size-medium wp-image-15801 aligncenter\" src=\"https:\/\/campusgranna.se\/wp-content\/uploads\/2025\/02\/Borgmastargarden-300x162.webp\" alt=\"\" width=\"300\" height=\"162\" srcset=\"https:\/\/campusgranna.se\/wp-content\/uploads\/2025\/02\/Borgmastargarden-300x162.webp 300w, https:\/\/campusgranna.se\/wp-content\/uploads\/2025\/02\/Borgmastargarden-1024x554.webp 1024w, https:\/\/campusgranna.se\/wp-content\/uploads\/2025\/02\/Borgmastargarden-768x416.webp 768w, https:\/\/campusgranna.se\/wp-content\/uploads\/2025\/02\/Borgmastargarden-1536x831.webp 1536w, https:\/\/campusgranna.se\/wp-content\/uploads\/2025\/02\/Borgmastargarden-18x10.webp 18w, https:\/\/campusgranna.se\/wp-content\/uploads\/2025\/02\/Borgmastargarden-700x379.webp 700w, https:\/\/campusgranna.se\/wp-content\/uploads\/2025\/02\/Borgmastargarden.webp 1920w\" sizes=\"(max-width: 300px) 100vw, 300px\" \/><\/p><p><span style=\"font-size: 16px;\"><img loading=\"lazy\" decoding=\"async\" class=\"size-medium wp-image-992 aligncenter\" src=\"https:\/\/campusgranna.se\/wp-content\/uploads\/2019\/10\/campus5-1-300x200.jpg\" alt=\"\" width=\"300\" height=\"200\" srcset=\"https:\/\/campusgranna.se\/wp-content\/uploads\/2019\/10\/campus5-1-300x200.jpg 300w, https:\/\/campusgranna.se\/wp-content\/uploads\/2019\/10\/campus5-1-1024x684.jpg 1024w, https:\/\/campusgranna.se\/wp-content\/uploads\/2019\/10\/campus5-1-768x513.jpg 768w, https:\/\/campusgranna.se\/wp-content\/uploads\/2019\/10\/campus5-1-1536x1026.jpg 1536w, https:\/\/campusgranna.se\/wp-content\/uploads\/2019\/10\/campus5-1-18x12.jpg 18w, https:\/\/campusgranna.se\/wp-content\/uploads\/2019\/10\/campus5-1-700x467.jpg 700w, https:\/\/campusgranna.se\/wp-content\/uploads\/2019\/10\/campus5-1.jpg 1920w\" sizes=\"(max-width: 300px) 100vw, 300px\" \/>\u00a0<\/span><\/p>\t\t\t\t\t\t\t\t<\/div>\n\t\t\t\t<\/div>\n\t\t\t\t<\/div>\n\t\t\t\t\t<\/div>\n\t\t\t\t<\/div>\n\t\t<div class=\"elementor-element elementor-element-eb77171 e-flex e-con-boxed parallax_section_no qode_elementor_container_no e-con e-parent\" data-id=\"eb77171\" data-element_type=\"container\" data-e-type=\"container\">\n\t\t\t\t\t<div class=\"e-con-inner\">\n\t\t<div class=\"elementor-element elementor-element-5c13491 e-con-full e-flex parallax_section_no qode_elementor_container_no e-con e-child\" data-id=\"5c13491\" data-element_type=\"container\" data-e-type=\"container\">\n\t\t\t\t<div class=\"elementor-element elementor-element-1722a7a elementor-widget__width-initial elementor-widget elementor-widget-text-editor\" data-id=\"1722a7a\" data-element_type=\"widget\" data-e-type=\"widget\" data-widget_type=\"text-editor.default\">\n\t\t\t\t<div class=\"elementor-widget-container\">\n\t\t\t\t\t\t\t\t\t<h2>En plats med l\u00e5ng historia d\u00e4r nya id\u00e9er kan ta form.<\/h2>\t\t\t\t\t\t\t\t<\/div>\n\t\t\t\t<\/div>\n\t\t\t\t<div class=\"elementor-element elementor-element-67794f8 elementor-widget__width-initial elementor-widget elementor-widget-text-editor\" data-id=\"67794f8\" data-element_type=\"widget\" data-e-type=\"widget\" data-widget_type=\"text-editor.default\">\n\t\t\t\t<div class=\"elementor-widget-container\">\n\t\t\t\t\t\t\t\t\t<p>Campus Gr\u00e4nna AB \u00e4ger och f\u00f6rvaltar de fastigheter som J\u00f6nk\u00f6ping University bedriver sin verksamhet i. I v\u00e5ra byggnader bedrivs utbildning och administration samt att vi har en restaurang och bost\u00e4der till studenterna. Flera av husen har stort kulturhistoriskt v\u00e4rde.<\/p>\t\t\t\t\t\t\t\t<\/div>\n\t\t\t\t<\/div>\n\t\t\t\t<\/div>\n\t\t<div class=\"elementor-element elementor-element-0255b36 e-con-full e-flex parallax_section_no qode_elementor_container_no e-con e-child\" data-id=\"0255b36\" data-element_type=\"container\" data-e-type=\"container\">\n\t\t\t\t<div class=\"elementor-element elementor-element-dea5696 elementor-widget elementor-widget-image\" data-id=\"dea5696\" data-element_type=\"widget\" data-e-type=\"widget\" data-widget_type=\"image.default\">\n\t\t\t\t<div class=\"elementor-widget-container\">\n\t\t\t\t\t\t\t\t\t\t\t\t\t\t\t<img loading=\"lazy\" decoding=\"async\" width=\"1024\" height=\"768\" src=\"https:\/\/campusgranna.se\/wp-content\/uploads\/2018\/12\/telefonhytt-1024x768.png\" class=\"attachment-large size-large wp-image-363\" alt=\"\" srcset=\"https:\/\/campusgranna.se\/wp-content\/uploads\/2018\/12\/telefonhytt-1024x768.png 1024w, https:\/\/campusgranna.se\/wp-content\/uploads\/2018\/12\/telefonhytt-300x225.png 300w, https:\/\/campusgranna.se\/wp-content\/uploads\/2018\/12\/telefonhytt-768x576.png 768w, https:\/\/campusgranna.se\/wp-content\/uploads\/2018\/12\/telefonhytt-16x12.png 16w, https:\/\/campusgranna.se\/wp-content\/uploads\/2018\/12\/telefonhytt-800x600.png 800w, https:\/\/campusgranna.se\/wp-content\/uploads\/2018\/12\/telefonhytt-700x525.png 700w, https:\/\/campusgranna.se\/wp-content\/uploads\/2018\/12\/telefonhytt.png 1070w\" sizes=\"(max-width: 1024px) 100vw, 1024px\" \/>\t\t\t\t\t\t\t\t\t\t\t\t\t\t\t<\/div>\n\t\t\t\t<\/div>\n\t\t\t\t<\/div>\n\t\t\t\t\t<\/div>\n\t\t\t\t<\/div>\n\t\t\t\t<\/div>","protected":false},"excerpt":{"rendered":"<p>V\u00e4lkommen till Campus Gr\u00e4nna Omtanke &#8211; Engagemang &#8211; Gl\u00e4dje &#8211; Trygghet V\u00e4lkommen till oss. En idyllisk plats med l\u00e5ng historia. Boende P\u00e5 Campus Gr\u00e4nna har vi fullt med studenter fr\u00e5n hel v\u00e4rlden som bor i studentbost\u00e4der. M\u00e5nga med fantastisk utsikt \u00f6ver Gr\u00e4nna stad, V\u00e4tterns v\u00e5gor&#8230;<\/p>","protected":false},"author":1,"featured_media":0,"parent":0,"menu_order":0,"comment_status":"closed","ping_status":"closed","template":"elementor_header_footer","meta":{"footnotes":""},"class_list":["post-13665","page","type-page","status-publish","hentry"],"_links":{"self":[{"href":"https:\/\/campusgranna.se\/en\/wp-json\/wp\/v2\/pages\/13665","targetHints":{"allow":["GET"]}}],"collection":[{"href":"https:\/\/campusgranna.se\/en\/wp-json\/wp\/v2\/pages"}],"about":[{"href":"https:\/\/campusgranna.se\/en\/wp-json\/wp\/v2\/types\/page"}],"author":[{"embeddable":true,"href":"https:\/\/campusgranna.se\/en\/wp-json\/wp\/v2\/users\/1"}],"replies":[{"embeddable":true,"href":"https:\/\/campusgranna.se\/en\/wp-json\/wp\/v2\/comments?post=13665"}],"version-history":[{"count":5,"href":"https:\/\/campusgranna.se\/en\/wp-json\/wp\/v2\/pages\/13665\/revisions"}],"predecessor-version":[{"id":16264,"href":"https:\/\/campusgranna.se\/en\/wp-json\/wp\/v2\/pages\/13665\/revisions\/16264"}],"wp:attachment":[{"href":"https:\/\/campusgranna.se\/en\/wp-json\/wp\/v2\/media?parent=13665"}],"curies":[{"name":"wp","href":"https:\/\/api.w.org\/{rel}","templated":true}]}}