{"id":14028,"date":"2023-12-11T08:41:00","date_gmt":"2023-12-11T08:41:00","guid":{"rendered":"https:\/\/bridge511.qodeinteractive.com\/?page_id=14028"},"modified":"2025-03-30T09:39:28","modified_gmt":"2025-03-30T08:39:28","slug":"history","status":"publish","type":"page","link":"https:\/\/campusgranna.se\/en\/history\/","title":{"rendered":"Historia"},"content":{"rendered":"<div data-elementor-type=\"wp-page\" data-elementor-id=\"14028\" class=\"elementor elementor-14028\">\n\t\t\t\t<div class=\"elementor-element elementor-element-ba1b351 e-con-full e-flex parallax_section_no qode_elementor_container_no e-con e-parent\" data-id=\"ba1b351\" data-element_type=\"container\" data-e-type=\"container\" data-settings=\"{&quot;background_background&quot;:&quot;classic&quot;}\">\n\t\t<div class=\"elementor-element elementor-element-7db6c87 e-flex e-con-boxed parallax_section_no qode_elementor_container_no e-con e-child\" data-id=\"7db6c87\" data-element_type=\"container\" data-e-type=\"container\">\n\t\t\t\t\t<div class=\"e-con-inner\">\n\t\t\t\t<div class=\"elementor-element elementor-element-2d850bd elementor-widget elementor-widget-spacer\" data-id=\"2d850bd\" data-element_type=\"widget\" data-e-type=\"widget\" data-widget_type=\"spacer.default\">\n\t\t\t\t<div class=\"elementor-widget-container\">\n\t\t\t\t\t\t\t<div class=\"elementor-spacer\">\n\t\t\t<div class=\"elementor-spacer-inner\"><\/div>\n\t\t<\/div>\n\t\t\t\t\t\t<\/div>\n\t\t\t\t<\/div>\n\t\t\t\t<div class=\"elementor-element elementor-element-4691e22 elementor-widget__width-initial elementor-widget elementor-widget-text-editor\" data-id=\"4691e22\" data-element_type=\"widget\" data-e-type=\"widget\" data-widget_type=\"text-editor.default\">\n\t\t\t\t<div class=\"elementor-widget-container\">\n\t\t\t\t\t\t\t\t\t<h1><span style=\"color: #ffffff;\">Med en l\u00e5ng historia<\/span><\/h1>\t\t\t\t\t\t\t\t<\/div>\n\t\t\t\t<\/div>\n\t\t\t\t<div class=\"elementor-element elementor-element-50c6e47 elementor-widget elementor-widget-text-editor\" data-id=\"50c6e47\" data-element_type=\"widget\" data-e-type=\"widget\" data-widget_type=\"text-editor.default\">\n\t\t\t\t<div class=\"elementor-widget-container\">\n\t\t\t\t\t\t\t\t\t<h4><span style=\"color: #ffffff;\">En plats med anor fr\u00e5n 1700-tal och med en l\u00e5ng historia av kunskap och l\u00e4rande<\/span><\/h4>\t\t\t\t\t\t\t\t<\/div>\n\t\t\t\t<\/div>\n\t\t\t\t<div class=\"elementor-element elementor-element-8a50b93 elementor-widget elementor-widget-spacer\" data-id=\"8a50b93\" data-element_type=\"widget\" data-e-type=\"widget\" data-widget_type=\"spacer.default\">\n\t\t\t\t<div class=\"elementor-widget-container\">\n\t\t\t\t\t\t\t<div class=\"elementor-spacer\">\n\t\t\t<div class=\"elementor-spacer-inner\"><\/div>\n\t\t<\/div>\n\t\t\t\t\t\t<\/div>\n\t\t\t\t<\/div>\n\t\t\t\t\t<\/div>\n\t\t\t\t<\/div>\n\t\t\t\t<\/div>\n\t\t<div class=\"elementor-element elementor-element-c2c5fb2 e-flex e-con-boxed parallax_section_no qode_elementor_container_no e-con e-parent\" data-id=\"c2c5fb2\" data-element_type=\"container\" data-e-type=\"container\">\n\t\t\t\t\t<div class=\"e-con-inner\">\n\t\t<div class=\"elementor-element elementor-element-681bb131 e-con-full e-flex parallax_section_no qode_elementor_container_no e-con e-child\" data-id=\"681bb131\" data-element_type=\"container\" data-e-type=\"container\">\n\t\t\t\t<div class=\"elementor-element elementor-element-39fbcff1 elementor-widget__width-initial elementor-widget elementor-widget-text-editor\" data-id=\"39fbcff1\" data-element_type=\"widget\" data-e-type=\"widget\" data-widget_type=\"text-editor.default\">\n\t\t\t\t<div class=\"elementor-widget-container\">\n\t\t\t\t\t\t\t\t\t<h2>Med anor fr\u00e5n 1700-talet<\/h2><h2>Campus Gr\u00e4nna vilar p\u00e5 en l\u00e5ng historia av l\u00e4rande<\/h2>\t\t\t\t\t\t\t\t<\/div>\n\t\t\t\t<\/div>\n\t\t\t\t<div class=\"elementor-element elementor-element-eaadab5 elementor-widget elementor-widget-text-editor\" data-id=\"eaadab5\" data-element_type=\"widget\" data-e-type=\"widget\" data-widget_type=\"text-editor.default\">\n\t\t\t\t<div class=\"elementor-widget-container\">\n\t\t\t\t\t\t\t\t\t<p><strong>Campus Gr\u00e4nna AB<\/strong>\u00a0\u00e4ger och f\u00f6rvaltar de fastigheter som J\u00f6nk\u00f6ping University bedriver sin verksamhet i. I v\u00e5ra byggnader bedrivs utbildning och administration samt att vi har restaurang och bost\u00e4der till studenterna. Flera av husen har stort kulturhistoriskt v\u00e4rde. Idag bedrivs ingen internatverksamhet p\u00e5 Campus Gr\u00e4nna.<\/p><p><b>Grennaskolan<\/b>, f\u00f6re 1995 stavat\u00a0<i>Gr\u00e4nnaskolan<\/i>, var en internatskola i Gr\u00e4nna som tidigare var en av Sveriges tre riksinternatskolor. Huvudbyggnaden, Borgm\u00e4starg\u00e5rden fr\u00e5n 1797, l\u00e5g vid torget i Gr\u00e4nna omgiven av en stor tr\u00e4dg\u00e5rd som gr\u00e4nsar mot Gr\u00e4nnaberget. Huvuddelen av skolans byggnader och elevhem fanns l\u00e4ngs Bergsgatan. Kursverksamheten vid Stockholms universitet s\u00e5g f\u00f6rdelar med Gr\u00e4nna som skolstad och grundade Grennaskolan 1963.\u00a0<sup id=\"cite_ref-1\" class=\"reference\"><\/sup><\/p><p>Vid Grennaskolan hade man undervisning f\u00f6r b\u00e5de internat- och externatelever, med eleverna ungef\u00e4r j\u00e4mnt f\u00f6rdelade p\u00e5 de tv\u00e5 grupperna. Skolan hade plats f\u00f6r 145 internater, med boende p\u00e5 sex elevhem.<sup id=\"cite_ref-2\" class=\"reference\"><\/sup><\/p><p>P\u00e5 gymnasieniv\u00e5 gavs utbildningar inom nationella gymnasieprogram (naturvetenskapligt program och samh\u00e4llsvetenskapligt program med flera inriktningar) och IB-programmet. Dessutom fanns en introduktionskurs f\u00f6r utlandssvensk ungdomar. Skolan undervisade \u00e4ven p\u00e5 grundskoleniv\u00e5, \u00e5r 7-9 med internationell profil.<\/p>\t\t\t\t\t\t\t\t<\/div>\n\t\t\t\t<\/div>\n\t\t\t\t<\/div>\n\t\t<div class=\"elementor-element elementor-element-668c871 e-con-full e-flex parallax_section_no qode_elementor_container_no e-con e-child\" data-id=\"668c871\" data-element_type=\"container\" data-e-type=\"container\">\n\t\t\t\t<div class=\"elementor-element elementor-element-b1e441a elementor-widget elementor-widget-image\" data-id=\"b1e441a\" data-element_type=\"widget\" data-e-type=\"widget\" data-widget_type=\"image.default\">\n\t\t\t\t<div class=\"elementor-widget-container\">\n\t\t\t\t\t\t\t\t\t\t\t\t\t\t\t<img fetchpriority=\"high\" decoding=\"async\" width=\"570\" height=\"570\" src=\"https:\/\/campusgranna.se\/wp-content\/uploads\/2025\/02\/cg_ow-570x570.jpg\" class=\"attachment-portfolio-square size-portfolio-square wp-image-15812\" alt=\"\" srcset=\"https:\/\/campusgranna.se\/wp-content\/uploads\/2025\/02\/cg_ow-570x570.jpg 570w, https:\/\/campusgranna.se\/wp-content\/uploads\/2025\/02\/cg_ow-300x300.jpg 300w, https:\/\/campusgranna.se\/wp-content\/uploads\/2025\/02\/cg_ow-1024x1024.jpg 1024w, https:\/\/campusgranna.se\/wp-content\/uploads\/2025\/02\/cg_ow-150x150.jpg 150w, https:\/\/campusgranna.se\/wp-content\/uploads\/2025\/02\/cg_ow-768x768.jpg 768w, https:\/\/campusgranna.se\/wp-content\/uploads\/2025\/02\/cg_ow-1536x1536.jpg 1536w, https:\/\/campusgranna.se\/wp-content\/uploads\/2025\/02\/cg_ow-12x12.jpg 12w, https:\/\/campusgranna.se\/wp-content\/uploads\/2025\/02\/cg_ow-500x500.jpg 500w, https:\/\/campusgranna.se\/wp-content\/uploads\/2025\/02\/cg_ow-1000x1000.jpg 1000w, https:\/\/campusgranna.se\/wp-content\/uploads\/2025\/02\/cg_ow-700x700.jpg 700w, https:\/\/campusgranna.se\/wp-content\/uploads\/2025\/02\/cg_ow.jpg 2048w\" sizes=\"(max-width: 570px) 100vw, 570px\" \/>\t\t\t\t\t\t\t\t\t\t\t\t\t\t\t<\/div>\n\t\t\t\t<\/div>\n\t\t\t\t<\/div>\n\t\t\t\t\t<\/div>\n\t\t\t\t<\/div>\n\t\t<div style=\"background-image: url(https:\/\/campusgranna.se\/wp-content\/uploads\/2025\/02\/Borgmastargarden.webp);\" class=\"parallax_section_holder elementor-element elementor-element-70b3d46 e-con-full parallax_section_holder e-flex qode_elementor_container_no e-con e-parent\" data-speed=\"0\" data-id=\"70b3d46\" data-element_type=\"container\" data-e-type=\"container\" data-settings=\"{&quot;qode_parallax_image&quot;:{&quot;url&quot;:&quot;https:\\\/\\\/campusgranna.se\\\/wp-content\\\/uploads\\\/2025\\\/02\\\/Borgmastargarden.webp&quot;,&quot;id&quot;:15801,&quot;size&quot;:&quot;&quot;,&quot;alt&quot;:&quot;&quot;,&quot;source&quot;:&quot;library&quot;}}\">\n\t\t\t\t<div class=\"elementor-element elementor-element-5ced612 elementor-widget-divider--view-line elementor-widget elementor-widget-divider\" data-id=\"5ced612\" data-element_type=\"widget\" data-e-type=\"widget\" data-widget_type=\"divider.default\">\n\t\t\t\t<div class=\"elementor-widget-container\">\n\t\t\t\t\t\t\t<div class=\"elementor-divider\">\n\t\t\t<span class=\"elementor-divider-separator\">\n\t\t\t\t\t\t<\/span>\n\t\t<\/div>\n\t\t\t\t\t\t<\/div>\n\t\t\t\t<\/div>\n\t\t\t\t<\/div>\n\t\t<div class=\"elementor-element elementor-element-5c4d34c8 e-con-full e-flex parallax_section_no qode_elementor_container_no e-con e-parent\" data-id=\"5c4d34c8\" data-element_type=\"container\" data-e-type=\"container\">\n\t\t<div class=\"elementor-element elementor-element-5ee2c25d e-con-full e-flex parallax_section_no qode_elementor_container_no e-con e-child\" data-id=\"5ee2c25d\" data-element_type=\"container\" data-e-type=\"container\">\n\t\t\t\t<div class=\"elementor-element elementor-element-4ec8268b elementor-widget__width-initial elementor-widget elementor-widget-text-editor\" data-id=\"4ec8268b\" data-element_type=\"widget\" data-e-type=\"widget\" data-widget_type=\"text-editor.default\">\n\t\t\t\t<div class=\"elementor-widget-container\">\n\t\t\t\t\t\t\t\t\t<h2>Campus Gr\u00e4nna \u00e4r:<\/h2><p>\u00a0<\/p><h2>Omtanke &#8211; Engagemang &#8211; Gl\u00e4dje och Trygghet.<\/h2><p>\u00a0<\/p><h2>Vi vill att v\u00e4rdeorden ska skapa m\u00e5l, mening och motivation samt att visa vilka f\u00f6rv\u00e4ntningar du kan ha p\u00e5 oss.<\/h2><h3>\u00a0<\/h3>\t\t\t\t\t\t\t\t<\/div>\n\t\t\t\t<\/div>\n\t\t\t\t<\/div>\n\t\t<div class=\"elementor-element elementor-element-59482e43 e-con-full e-flex parallax_section_no qode_elementor_container_no e-con e-child\" data-id=\"59482e43\" data-element_type=\"container\" data-e-type=\"container\">\n\t\t<div class=\"elementor-element elementor-element-228bebbf e-con-full e-flex parallax_section_no qode_elementor_container_no e-con e-child\" data-id=\"228bebbf\" data-element_type=\"container\" data-e-type=\"container\">\n\t\t\t\t<div class=\"elementor-element elementor-element-29f630f2 elementor-widget elementor-widget-bridge_counter\" data-id=\"29f630f2\" data-element_type=\"widget\" data-e-type=\"widget\" data-widget_type=\"bridge_counter.default\">\n\t\t\t\t<div class=\"elementor-widget-container\">\n\t\t\t\t\t<div class=\"q_counter_holder\" style=\"\" data-digit=\"17\"><span class=\"counter  zero\" style=\"font-size: 70px;font-weight: 400;\">17<\/span><\/div>\t\t\t\t<\/div>\n\t\t\t\t<\/div>\n\t\t\t\t<div class=\"elementor-element elementor-element-7a55b520 elementor-widget-divider--view-line elementor-widget elementor-widget-divider\" data-id=\"7a55b520\" data-element_type=\"widget\" data-e-type=\"widget\" data-widget_type=\"divider.default\">\n\t\t\t\t<div class=\"elementor-widget-container\">\n\t\t\t\t\t\t\t<div class=\"elementor-divider\">\n\t\t\t<span class=\"elementor-divider-separator\">\n\t\t\t\t\t\t<\/span>\n\t\t<\/div>\n\t\t\t\t\t\t<\/div>\n\t\t\t\t<\/div>\n\t\t\t\t<div class=\"elementor-element elementor-element-627b8db2 elementor-widget elementor-widget-text-editor\" data-id=\"627b8db2\" data-element_type=\"widget\" data-e-type=\"widget\" data-widget_type=\"text-editor.default\">\n\t\t\t\t<div class=\"elementor-widget-container\">\n\t\t\t\t\t\t\t\t\t<p>Byggnader<\/p>\t\t\t\t\t\t\t\t<\/div>\n\t\t\t\t<\/div>\n\t\t\t\t<div class=\"elementor-element elementor-element-5b7d1971 elementor-widget elementor-widget-bridge_counter\" data-id=\"5b7d1971\" data-element_type=\"widget\" data-e-type=\"widget\" data-widget_type=\"bridge_counter.default\">\n\t\t\t\t<div class=\"elementor-widget-container\">\n\t\t\t\t\t<div class=\"q_counter_holder\" style=\"\" data-digit=\"145\"><span class=\"counter  zero\" style=\"font-size: 70px;font-weight: 400;\">145<\/span><\/div>\t\t\t\t<\/div>\n\t\t\t\t<\/div>\n\t\t\t\t<div class=\"elementor-element elementor-element-44d920ad elementor-widget-divider--view-line elementor-widget elementor-widget-divider\" data-id=\"44d920ad\" data-element_type=\"widget\" data-e-type=\"widget\" data-widget_type=\"divider.default\">\n\t\t\t\t<div class=\"elementor-widget-container\">\n\t\t\t\t\t\t\t<div class=\"elementor-divider\">\n\t\t\t<span class=\"elementor-divider-separator\">\n\t\t\t\t\t\t<\/span>\n\t\t<\/div>\n\t\t\t\t\t\t<\/div>\n\t\t\t\t<\/div>\n\t\t\t\t<div class=\"elementor-element elementor-element-7d373de1 elementor-widget elementor-widget-text-editor\" data-id=\"7d373de1\" data-element_type=\"widget\" data-e-type=\"widget\" data-widget_type=\"text-editor.default\">\n\t\t\t\t<div class=\"elementor-widget-container\">\n\t\t\t\t\t\t\t\t\t<p>Antal studentl\u00e4gneheter<\/p>\t\t\t\t\t\t\t\t<\/div>\n\t\t\t\t<\/div>\n\t\t\t\t<div class=\"elementor-element elementor-element-03b1005 elementor-widget elementor-widget-bridge_counter\" data-id=\"03b1005\" data-element_type=\"widget\" data-e-type=\"widget\" data-widget_type=\"bridge_counter.default\">\n\t\t\t\t<div class=\"elementor-widget-container\">\n\t\t\t\t\t<div class=\"q_counter_holder\" style=\"\" data-digit=\"16987\"><span class=\"counter  zero\" style=\"font-size: 70px;font-weight: 400;\">16987<\/span><\/div>\t\t\t\t<\/div>\n\t\t\t\t<\/div>\n\t\t\t\t<div class=\"elementor-element elementor-element-2e2dbb5 elementor-widget-divider--view-line elementor-widget elementor-widget-divider\" data-id=\"2e2dbb5\" data-element_type=\"widget\" data-e-type=\"widget\" data-widget_type=\"divider.default\">\n\t\t\t\t<div class=\"elementor-widget-container\">\n\t\t\t\t\t\t\t<div class=\"elementor-divider\">\n\t\t\t<span class=\"elementor-divider-separator\">\n\t\t\t\t\t\t<\/span>\n\t\t<\/div>\n\t\t\t\t\t\t<\/div>\n\t\t\t\t<\/div>\n\t\t\t\t<div class=\"elementor-element elementor-element-533d66b elementor-widget elementor-widget-text-editor\" data-id=\"533d66b\" data-element_type=\"widget\" data-e-type=\"widget\" data-widget_type=\"text-editor.default\">\n\t\t\t\t<div class=\"elementor-widget-container\">\n\t\t\t\t\t\t\t\t\t<p>Areal m2<\/p>\t\t\t\t\t\t\t\t<\/div>\n\t\t\t\t<\/div>\n\t\t\t\t<\/div>\n\t\t<div class=\"elementor-element elementor-element-71a282a5 e-con-full e-flex parallax_section_no qode_elementor_container_no e-con e-child\" data-id=\"71a282a5\" data-element_type=\"container\" data-e-type=\"container\">\n\t\t\t\t<div class=\"elementor-element elementor-element-792ed43a elementor-widget elementor-widget-bridge_counter\" data-id=\"792ed43a\" data-element_type=\"widget\" data-e-type=\"widget\" data-widget_type=\"bridge_counter.default\">\n\t\t\t\t<div class=\"elementor-widget-container\">\n\t\t\t\t\t<div class=\"q_counter_holder\" style=\"\" data-digit=\"6132\"><span class=\"counter  zero\" style=\"font-size: 70px;font-weight: 400;\">6132<\/span><\/div>\t\t\t\t<\/div>\n\t\t\t\t<\/div>\n\t\t\t\t<div class=\"elementor-element elementor-element-1f2052b3 elementor-widget-divider--view-line elementor-widget elementor-widget-divider\" data-id=\"1f2052b3\" data-element_type=\"widget\" data-e-type=\"widget\" data-widget_type=\"divider.default\">\n\t\t\t\t<div class=\"elementor-widget-container\">\n\t\t\t\t\t\t\t<div class=\"elementor-divider\">\n\t\t\t<span class=\"elementor-divider-separator\">\n\t\t\t\t\t\t<\/span>\n\t\t<\/div>\n\t\t\t\t\t\t<\/div>\n\t\t\t\t<\/div>\n\t\t\t\t<div class=\"elementor-element elementor-element-252d42 elementor-widget elementor-widget-text-editor\" data-id=\"252d42\" data-element_type=\"widget\" data-e-type=\"widget\" data-widget_type=\"text-editor.default\">\n\t\t\t\t<div class=\"elementor-widget-container\">\n\t\t\t\t\t\t\t\t\t<p>Total BTA m2<\/p>\t\t\t\t\t\t\t\t<\/div>\n\t\t\t\t<\/div>\n\t\t\t\t<div class=\"elementor-element elementor-element-a92981a elementor-widget elementor-widget-bridge_counter\" data-id=\"a92981a\" data-element_type=\"widget\" data-e-type=\"widget\" data-widget_type=\"bridge_counter.default\">\n\t\t\t\t<div class=\"elementor-widget-container\">\n\t\t\t\t\t<div class=\"q_counter_holder\" style=\"\" data-digit=\"10\"><span class=\"counter  zero\" style=\"font-size: 70px;font-weight: 400;\">10<\/span><\/div>\t\t\t\t<\/div>\n\t\t\t\t<\/div>\n\t\t\t\t<div class=\"elementor-element elementor-element-4a061160 elementor-widget-divider--view-line elementor-widget elementor-widget-divider\" data-id=\"4a061160\" data-element_type=\"widget\" data-e-type=\"widget\" data-widget_type=\"divider.default\">\n\t\t\t\t<div class=\"elementor-widget-container\">\n\t\t\t\t\t\t\t<div class=\"elementor-divider\">\n\t\t\t<span class=\"elementor-divider-separator\">\n\t\t\t\t\t\t<\/span>\n\t\t<\/div>\n\t\t\t\t\t\t<\/div>\n\t\t\t\t<\/div>\n\t\t\t\t<div class=\"elementor-element elementor-element-1ada4fad elementor-widget elementor-widget-text-editor\" data-id=\"1ada4fad\" data-element_type=\"widget\" data-e-type=\"widget\" data-widget_type=\"text-editor.default\">\n\t\t\t\t<div class=\"elementor-widget-container\">\n\t\t\t\t\t\t\t\t\t<p>Medarbetare<\/p>\t\t\t\t\t\t\t\t<\/div>\n\t\t\t\t<\/div>\n\t\t\t\t<div class=\"elementor-element elementor-element-cef1f35 elementor-widget elementor-widget-bridge_counter\" data-id=\"cef1f35\" data-element_type=\"widget\" data-e-type=\"widget\" data-widget_type=\"bridge_counter.default\">\n\t\t\t\t<div class=\"elementor-widget-container\">\n\t\t\t\t\t<div class=\"q_counter_holder\" style=\"\" data-digit=\"365\"><span class=\"counter  zero\" style=\"font-size: 70px;font-weight: 400;\">365<\/span><\/div>\t\t\t\t<\/div>\n\t\t\t\t<\/div>\n\t\t\t\t<div class=\"elementor-element elementor-element-abaabed elementor-widget-divider--view-line elementor-widget elementor-widget-divider\" data-id=\"abaabed\" data-element_type=\"widget\" data-e-type=\"widget\" data-widget_type=\"divider.default\">\n\t\t\t\t<div class=\"elementor-widget-container\">\n\t\t\t\t\t\t\t<div class=\"elementor-divider\">\n\t\t\t<span class=\"elementor-divider-separator\">\n\t\t\t\t\t\t<\/span>\n\t\t<\/div>\n\t\t\t\t\t\t<\/div>\n\t\t\t\t<\/div>\n\t\t\t\t<div class=\"elementor-element elementor-element-7494c04 elementor-widget elementor-widget-text-editor\" data-id=\"7494c04\" data-element_type=\"widget\" data-e-type=\"widget\" data-widget_type=\"text-editor.default\">\n\t\t\t\t<div class=\"elementor-widget-container\">\n\t\t\t\t\t\t\t\t\t<p>Antal dagar \u00f6ppet per \u00e5r<\/p>\t\t\t\t\t\t\t\t<\/div>\n\t\t\t\t<\/div>\n\t\t\t\t<\/div>\n\t\t\t\t<\/div>\n\t\t\t\t<\/div>\n\t\t<div style=\"background-image: url(https:\/\/campusgranna.se\/wp-content\/uploads\/2019\/10\/Restaurangen-2-50.jpg);\" class=\"parallax_section_holder elementor-element elementor-element-acb7f19 e-con-full parallax_section_holder e-flex qode_elementor_container_no e-con e-parent\" data-speed=\"0\" data-id=\"acb7f19\" data-element_type=\"container\" data-e-type=\"container\" data-settings=\"{&quot;qode_parallax_image&quot;:{&quot;url&quot;:&quot;https:\\\/\\\/campusgranna.se\\\/wp-content\\\/uploads\\\/2019\\\/10\\\/Restaurangen-2-50.jpg&quot;,&quot;id&quot;:883,&quot;size&quot;:&quot;&quot;,&quot;alt&quot;:&quot;&quot;,&quot;source&quot;:&quot;library&quot;}}\">\n\t\t\t\t<div class=\"elementor-element elementor-element-f7d203c elementor-widget-divider--view-line elementor-widget elementor-widget-divider\" data-id=\"f7d203c\" data-element_type=\"widget\" data-e-type=\"widget\" data-widget_type=\"divider.default\">\n\t\t\t\t<div class=\"elementor-widget-container\">\n\t\t\t\t\t\t\t<div class=\"elementor-divider\">\n\t\t\t<span class=\"elementor-divider-separator\">\n\t\t\t\t\t\t<\/span>\n\t\t<\/div>\n\t\t\t\t\t\t<\/div>\n\t\t\t\t<\/div>\n\t\t\t\t<\/div>\n\t\t<div class=\"elementor-element elementor-element-9eaa01f e-flex e-con-boxed parallax_section_no qode_elementor_container_no e-con e-parent\" data-id=\"9eaa01f\" data-element_type=\"container\" data-e-type=\"container\">\n\t\t\t\t\t<div class=\"e-con-inner\">\n\t\t\t\t<div class=\"elementor-element elementor-element-b2ccd4b elementor-widget elementor-widget-spacer\" data-id=\"b2ccd4b\" data-element_type=\"widget\" data-e-type=\"widget\" data-widget_type=\"spacer.default\">\n\t\t\t\t<div class=\"elementor-widget-container\">\n\t\t\t\t\t\t\t<div class=\"elementor-spacer\">\n\t\t\t<div class=\"elementor-spacer-inner\"><\/div>\n\t\t<\/div>\n\t\t\t\t\t\t<\/div>\n\t\t\t\t<\/div>\n\t\t\t\t\t<\/div>\n\t\t\t\t<\/div>\n\t\t<div class=\"elementor-element elementor-element-31ab99a e-flex e-con-boxed parallax_section_no qode_elementor_container_no e-con e-parent\" data-id=\"31ab99a\" data-element_type=\"container\" data-e-type=\"container\">\n\t\t\t\t\t<div class=\"e-con-inner\">\n\t\t\t\t<div class=\"elementor-element elementor-element-301522a elementor-widget elementor-widget-text-editor\" data-id=\"301522a\" data-element_type=\"widget\" data-e-type=\"widget\" data-widget_type=\"text-editor.default\">\n\t\t\t\t<div class=\"elementor-widget-container\">\n\t\t\t\t\t\t\t\t\t<header class=\"entry-header\"><h2 class=\"entry-title editorial\">Historiska \u00e5rtal<\/h2><\/header><div class=\"entry-content\"><div class=\"editorial\"><p>\u00a0<\/p><p><strong>1963<\/strong>\u00a0\u2013 Den 5 september invigdes Gr\u00e4nnaskolan. Det var en ny och annorlunda gymnasieskola som startade. Gr\u00e4nnaskolan skulle vara en internationell skola med elever fr\u00e5n b\u00e5de Sverige och andra l\u00e4nder och s\u00e5 l\u00e5ngt som m\u00f6jligt ha utl\u00e4ndska l\u00e4rare. Man skulle ha koncentrationsl\u00e4sning, undervisning i storgrupp och handledning i sm\u00e5grupper. Rektor under det f\u00f6rsta l\u00e4s\u00e5ret var Ragnar Jacobson och han eftertr\u00e4ddes 1964 av Sten Sarborn.<\/p><p><strong>1965<\/strong>\u00a0\u2013 Den f\u00f6rsta studenten utexaminerades vid jul efter 2,5 \u00e5rs studier.<\/p><p><strong>1968<\/strong>\u00a0\u2013 Gr\u00e4nnaskolan \u00f6ppnade sitt f\u00f6rsta utlandsgymnasium i Brighton och ett \u00e5r senare i Aix-en-Provence och Landshut.<\/p><p><strong>1970<\/strong>\u00a0\u2013 Gr\u00e4nnaskolan deltog som en av elva internationella skolor fr\u00e5n bl.a. New York, Paris, Frankfurt och Gen\u00e8ve i den f\u00f6rsta officiella IB (International Baccalaureate)-examen.\u00a0<sup id=\"cite_ref-4\" class=\"reference\"><\/sup>Gr\u00e4nnaskolan fortsatte dock inte med IB f\u00f6rr\u00e4n 1995.<\/p><p><strong>1970<\/strong>\u00a0\u2013 Gr\u00e4nnaskolan blev en av landets tre riksinternatskolor.<\/p><p><strong>1974<\/strong>\u00a0\u2013 Fick experimentet med utlandsskolor avbrytas eftersom eleverna inte l\u00e4ngre fick r\u00e4tt till studiebidrag.<\/p><p><strong>1978<\/strong>\u00a0\u2013 J\u00f6nk\u00f6pings kommun blev ny huvudman f\u00f6r Gr\u00e4nnaskolan.<\/p><p><strong>1988<\/strong>\u00a0\u2013 Inr\u00e4ttades ett h\u00f6gstadium.<\/p><p><strong>1995<\/strong>\u00a0\u2013 Gr\u00e4nnaskolan b\u00f6rjade stavas med \u201de\u201d (Grennaskolan) och inf\u00f6rde International Baccalaureate Diploma Programme, IB, med all undervisning p\u00e5 engelska.<\/p><p><strong>1997<\/strong>\u00a0\u2013 Skolan blev ett kommunalt bolag inom J\u00f6nk\u00f6pings kommun.<\/p><p><strong>2013<\/strong>\u00a0\u2013 Skolan firade 50-\u00e5rsjubileum.<\/p><p><strong>2016<\/strong>\u00a0\u2013 18 Januari b\u00f6rjar 50 internationella studenter p\u00e5 den f\u00f6rberedande utbildningen Pathway Programme i regi av J\u00f6nk\u00f6ping University Enterprise.\u00a0De som l\u00e4ser Pathway Programmes vid J\u00f6nk\u00f6ping University kommer mestadels studera p\u00e5 campus i Gr\u00e4nna, d\u00e4r de \u00e4ven bor. Ungef\u00e4r en dag i veckan har de lektioner p\u00e5 campus i J\u00f6nk\u00f6ping.<\/p><p><strong>2017<\/strong>\u00a0\u2013 J\u00f6nk\u00f6pings kommunfullm\u00e4ktige beslutade om avveckling av Grennaskolan.<sup id=\"cite_ref-5\" class=\"reference\"><\/sup><\/p><p><strong>2018<\/strong>\u00a0\u2013 I samband med Campus Gr\u00e4nna AB:s \u00f6vertagande av fastigheterna gjorde J\u00f6nk\u00f6pings l\u00e4ns museum en antikvarisk utredning vilken\u00a0klarg\u00f6r de aktuella byggnadernas kulturhistoriska v\u00e4rde och karakt\u00e4rsdrag.<\/p><p><a class=\"lightgallery-item\" href=\"https:\/\/campusgranna.se\/wp-content\/uploads\/2025\/03\/2018-024_R2018-17_Grennaskolan_inv_BOK-lagupplost.pdf\" target=\"_blank\" rel=\"noopener noreferrer\"><img decoding=\"async\" class=\"alignnone wp-image-344\" src=\"https:\/\/web.archive.org\/web\/20240417195954im_\/https:\/\/www.campusgranna.se\/wp-content\/uploads\/2019\/01\/Antikvarisk-utredning.png\" sizes=\"(max-width: 235px) 100vw, 235px\" srcset=\"https:\/\/web.archive.org\/web\/20240417195954im_\/https:\/\/www.campusgranna.se\/wp-content\/uploads\/2019\/01\/Antikvarisk-utredning.png 608w, https:\/\/web.archive.org\/web\/20240417195954im_\/https:\/\/www.campusgranna.se\/wp-content\/uploads\/2019\/01\/Antikvarisk-utredning-213x300.png 213w\" alt=\"\" width=\"235\" height=\"330\" \/><\/a><\/p><p><strong>2019<\/strong>\u00a0\u2013 1 Januari f\u00f6rv\u00e4rvar H\u00f6gskolefastigheter i J\u00f6nk\u00f6ping AB via sitt dotterbolag Campus Gr\u00e4nna AB de fastigheter som Grennaskolan bedrivit sin verksamhet i.<\/p><p><strong>2019<\/strong>\u00a0\u2013 De sista eleverna p\u00e5 Grennaskolan l\u00e4ser v\u00e5rterminen ut sedan avvecklas skolan. Pathway Programme driver sin utbildning vidare i Gr\u00e4nna och siktar p\u00e5 att expandera antalet internationella studenter.<\/p><\/div><\/div>\t\t\t\t\t\t\t\t<\/div>\n\t\t\t\t<\/div>\n\t\t\t\t\t<\/div>\n\t\t\t\t<\/div>\n\t\t\t\t<\/div>","protected":false},"excerpt":{"rendered":"<p>Med en l\u00e5ng historia En plats med anor fr\u00e5n 1700-tal och med en l\u00e5ng historia av kunskap och l\u00e4rande Med anor fr\u00e5n 1700-talet Campus Gr\u00e4nna vilar p\u00e5 en l\u00e5ng historia av l\u00e4rande Campus Gr\u00e4nna AB\u00a0\u00e4ger och f\u00f6rvaltar de fastigheter som J\u00f6nk\u00f6ping University bedriver sin verksamhet&#8230;<\/p>","protected":false},"author":1,"featured_media":0,"parent":0,"menu_order":0,"comment_status":"closed","ping_status":"closed","template":"full_width.php","meta":{"footnotes":""},"class_list":["post-14028","page","type-page","status-publish","hentry"],"_links":{"self":[{"href":"https:\/\/campusgranna.se\/en\/wp-json\/wp\/v2\/pages\/14028","targetHints":{"allow":["GET"]}}],"collection":[{"href":"https:\/\/campusgranna.se\/en\/wp-json\/wp\/v2\/pages"}],"about":[{"href":"https:\/\/campusgranna.se\/en\/wp-json\/wp\/v2\/types\/page"}],"author":[{"embeddable":true,"href":"https:\/\/campusgranna.se\/en\/wp-json\/wp\/v2\/users\/1"}],"replies":[{"embeddable":true,"href":"https:\/\/campusgranna.se\/en\/wp-json\/wp\/v2\/comments?post=14028"}],"version-history":[{"count":5,"href":"https:\/\/campusgranna.se\/en\/wp-json\/wp\/v2\/pages\/14028\/revisions"}],"predecessor-version":[{"id":16149,"href":"https:\/\/campusgranna.se\/en\/wp-json\/wp\/v2\/pages\/14028\/revisions\/16149"}],"wp:attachment":[{"href":"https:\/\/campusgranna.se\/en\/wp-json\/wp\/v2\/media?parent=14028"}],"curies":[{"name":"wp","href":"https:\/\/api.w.org\/{rel}","templated":true}]}}