{"id":14631,"date":"2023-12-12T14:11:46","date_gmt":"2023-12-12T14:11:46","guid":{"rendered":"https:\/\/bridge511.qodeinteractive.com\/?page_id=14631"},"modified":"2026-04-28T16:03:00","modified_gmt":"2026-04-28T15:03:00","slug":"kontakt","status":"publish","type":"page","link":"https:\/\/campusgranna.se\/en\/kontakt\/","title":{"rendered":"Kontakt"},"content":{"rendered":"<div data-elementor-type=\"wp-page\" data-elementor-id=\"14631\" class=\"elementor elementor-14631\">\n\t\t\t\t<div class=\"elementor-element elementor-element-2c421de e-con-full e-flex parallax_section_no qode_elementor_container_no e-con e-parent\" data-id=\"2c421de\" data-element_type=\"container\" data-e-type=\"container\" data-settings=\"{&quot;background_background&quot;:&quot;classic&quot;}\">\n\t\t<div class=\"elementor-element elementor-element-be17f17 e-con-full e-flex parallax_section_no qode_elementor_container_no e-con e-child\" data-id=\"be17f17\" data-element_type=\"container\" data-e-type=\"container\">\n\t\t\t\t<div class=\"elementor-element elementor-element-1a96e91 elementor-widget elementor-widget-spacer\" data-id=\"1a96e91\" data-element_type=\"widget\" data-e-type=\"widget\" data-widget_type=\"spacer.default\">\n\t\t\t\t<div class=\"elementor-widget-container\">\n\t\t\t\t\t\t\t<div class=\"elementor-spacer\">\n\t\t\t<div class=\"elementor-spacer-inner\"><\/div>\n\t\t<\/div>\n\t\t\t\t\t\t<\/div>\n\t\t\t\t<\/div>\n\t\t\t\t<div class=\"elementor-element elementor-element-edb03c9 elementor-widget__width-initial elementor-widget elementor-widget-text-editor\" data-id=\"edb03c9\" data-element_type=\"widget\" data-e-type=\"widget\" data-widget_type=\"text-editor.default\">\n\t\t\t\t<div class=\"elementor-widget-container\">\n\t\t\t\t\t\t\t\t\t<h1><span style=\"color: #ffffff;\">Kontakt<\/span><\/h1>\t\t\t\t\t\t\t\t<\/div>\n\t\t\t\t<\/div>\n\t\t\t\t<div class=\"elementor-element elementor-element-4a25197 elementor-widget__width-initial elementor-widget elementor-widget-text-editor\" data-id=\"4a25197\" data-element_type=\"widget\" data-e-type=\"widget\" data-widget_type=\"text-editor.default\">\n\t\t\t\t<div class=\"elementor-widget-container\">\n\t\t\t\t\t\t\t\t\t<h4><span style=\"color: #ffffff;\">Omtanke &#8211; Engagemang &#8211; Gl\u00e4dje &#8211; Trygghet<\/span><\/h4>\t\t\t\t\t\t\t\t<\/div>\n\t\t\t\t<\/div>\n\t\t\t\t<\/div>\n\t\t\t\t<\/div>\n\t\t<div class=\"elementor-element elementor-element-e0cee02 e-flex e-con-boxed parallax_section_no qode_elementor_container_no e-con e-parent\" data-id=\"e0cee02\" data-element_type=\"container\" data-e-type=\"container\">\n\t\t\t\t\t<div class=\"e-con-inner\">\n\t\t\t\t<div class=\"elementor-element elementor-element-3bac3de elementor-widget elementor-widget-spacer\" data-id=\"3bac3de\" data-element_type=\"widget\" data-e-type=\"widget\" data-widget_type=\"spacer.default\">\n\t\t\t\t<div class=\"elementor-widget-container\">\n\t\t\t\t\t\t\t<div class=\"elementor-spacer\">\n\t\t\t<div class=\"elementor-spacer-inner\"><\/div>\n\t\t<\/div>\n\t\t\t\t\t\t<\/div>\n\t\t\t\t<\/div>\n\t\t\t\t\t<\/div>\n\t\t\t\t<\/div>\n\t\t<div class=\"elementor-element elementor-element-2369fd3 e-grid e-con-boxed parallax_section_no qode_elementor_container_no e-con e-parent\" data-id=\"2369fd3\" data-element_type=\"container\" data-e-type=\"container\">\n\t\t\t\t\t<div class=\"e-con-inner\">\n\t\t\t\t<div class=\"elementor-element elementor-element-a6b6be7 elementor-widget elementor-widget-text-editor\" data-id=\"a6b6be7\" data-element_type=\"widget\" data-e-type=\"widget\" data-widget_type=\"text-editor.default\">\n\t\t\t\t<div class=\"elementor-widget-container\">\n\t\t\t\t\t\t\t\t\t<h4><span style=\"text-decoration: underline;\">Bes\u00f6ksadress<\/span><\/h4><div><h5 style=\"background-color: #ffffff; letter-spacing: normal;\"><a style=\"letter-spacing: normal; text-align: var(--text-align);\" href=\"http:\/\/%3Ciframe%20src=&quot;https\/\/www.google.com\/maps\/embed?pb=!1m18!1m12!1m3!1d1287.577182375391!2d14.468096331817518!3d58.02259369794474!2m3!1f0!2f0!3f0!3m2!1i1024!2i768!4f13.1!3m3!1m2!1s0x465a38c387906809%3A0x67398ddb29bb92b1!2sCampus%20Gr%C3%A4nna!5e1!3m2!1ssv!2sse!4v1742905252018!5m2!1ssv!2sse%22%20width=%22600%22%20height=%22450%22%20style=%22border:0;%22%20allowfullscreen=%22%22%20loading=%22lazy%22%20referrerpolicy=%22no-referrer-when-downgrade%22%3E%3C\/iframe%3E\" target=\"_blank\" rel=\"noopener\" data-wplink-url-error=\"true\">Campus Gr\u00e4nna AB<\/a><\/h5><h5 style=\"background-color: #ffffff; letter-spacing: normal;\"><a href=\"http:\/\/%3Ciframe%20src=&quot;https\/\/www.google.com\/maps\/embed?pb=!1m18!1m12!1m3!1d1287.577182375391!2d14.468096331817518!3d58.02259369794474!2m3!1f0!2f0!3f0!3m2!1i1024!2i768!4f13.1!3m3!1m2!1s0x465a38c387906809%3A0x67398ddb29bb92b1!2sCampus%20Gr%C3%A4nna!5e1!3m2!1ssv!2sse!4v1742905252018!5m2!1ssv!2sse%22%20width=%22600%22%20height=%22450%22%20style=%22border:0;%22%20allowfullscreen=%22%22%20loading=%22lazy%22%20referrerpolicy=%22no-referrer-when-downgrade%22%3E%3C\/iframe%3E\" target=\"_blank\" rel=\"noopener\" data-wplink-url-error=\"true\">Bergsgatan 38\u00a0<\/a><\/h5><h5 style=\"background-color: #ffffff; letter-spacing: normal;\"><a href=\"http:\/\/%3Ciframe%20src=&quot;https\/\/www.google.com\/maps\/embed?pb=!1m18!1m12!1m3!1d1287.577182375391!2d14.468096331817518!3d58.02259369794474!2m3!1f0!2f0!3f0!3m2!1i1024!2i768!4f13.1!3m3!1m2!1s0x465a38c387906809%3A0x67398ddb29bb92b1!2sCampus%20Gr%C3%A4nna!5e1!3m2!1ssv!2sse!4v1742905252018!5m2!1ssv!2sse%22%20width=%22600%22%20height=%22450%22%20style=%22border:0;%22%20allowfullscreen=%22%22%20loading=%22lazy%22%20referrerpolicy=%22no-referrer-when-downgrade%22%3E%3C\/iframe%3E\" target=\"_blank\" rel=\"noopener\" data-wplink-url-error=\"true\">563 32 Gr\u00e4nna\u00a0<\/a><\/h5><h5 style=\"background-color: #ffffff; letter-spacing: normal;\">Sweden<a href=\"http:\/\/%3Ciframe%20src=&quot;https\/\/www.google.com\/maps\/embed?pb=!1m18!1m12!1m3!1d1287.577182375391!2d14.468096331817518!3d58.02259369794474!2m3!1f0!2f0!3f0!3m2!1i1024!2i768!4f13.1!3m3!1m2!1s0x465a38c387906809%3A0x67398ddb29bb92b1!2sCampus%20Gr%C3%A4nna!5e1!3m2!1ssv!2sse!4v1742905252018!5m2!1ssv!2sse%22%20width=%22600%22%20height=%22450%22%20style=%22border:0;%22%20allowfullscreen=%22%22%20loading=%22lazy%22%20referrerpolicy=%22no-referrer-when-downgrade%22%3E%3C\/iframe%3E\" target=\"_blank\" rel=\"noopener\" data-wplink-url-error=\"true\">\u00a0<\/a><\/h5><\/div>\t\t\t\t\t\t\t\t<\/div>\n\t\t\t\t<\/div>\n\t\t\t\t<div class=\"elementor-element elementor-element-9d7595d elementor-widget elementor-widget-text-editor\" data-id=\"9d7595d\" data-element_type=\"widget\" data-e-type=\"widget\" data-widget_type=\"text-editor.default\">\n\t\t\t\t<div class=\"elementor-widget-container\">\n\t\t\t\t\t\t\t\t\t<h4><span style=\"text-decoration: underline;\">Postadress<\/span><\/h4><div><h5 style=\"background-color: #ffffff; letter-spacing: normal;\"><a style=\"letter-spacing: normal; text-align: var(--text-align);\" href=\"http:\/\/%3Ciframe%20src=&quot;https\/\/www.google.com\/maps\/embed?pb=!1m18!1m12!1m3!1d1287.577182375391!2d14.468096331817518!3d58.02259369794474!2m3!1f0!2f0!3f0!3m2!1i1024!2i768!4f13.1!3m3!1m2!1s0x465a38c387906809%3A0x67398ddb29bb92b1!2sCampus%20Gr%C3%A4nna!5e1!3m2!1ssv!2sse!4v1742905252018!5m2!1ssv!2sse%22%20width=%22600%22%20height=%22450%22%20style=%22border:0;%22%20allowfullscreen=%22%22%20loading=%22lazy%22%20referrerpolicy=%22no-referrer-when-downgrade%22%3E%3C\/iframe%3E\" target=\"_blank\" rel=\"noopener\" data-wplink-url-error=\"true\">Campus Gr\u00e4nna AB<\/a><\/h5><h5 style=\"background-color: #ffffff; letter-spacing: normal;\">Gjuterigatan 3B<\/h5><h5 style=\"background-color: #ffffff; letter-spacing: normal;\">553 18 J\u00f6nk\u00f6ping<\/h5><div><div><h5 style=\"background-color: #ffffff; letter-spacing: normal;\">\u00a0<\/h5><\/div><\/div><\/div>\t\t\t\t\t\t\t\t<\/div>\n\t\t\t\t<\/div>\n\t\t\t\t<div class=\"elementor-element elementor-element-5ef11ee elementor-widget elementor-widget-text-editor\" data-id=\"5ef11ee\" data-element_type=\"widget\" data-e-type=\"widget\" data-widget_type=\"text-editor.default\">\n\t\t\t\t<div class=\"elementor-widget-container\">\n\t\t\t\t\t\t\t\t\t<h4><span style=\"text-decoration: underline;\">Faktura<\/span><\/h4><div><h5 style=\"background-color: #ffffff; letter-spacing: normal;\">Faktura skickas med e-post till:<br \/><a href=\"mailto:Ekonomi@hofab.se\">Ekonomi@hofab.se<\/a><\/h5><h5 style=\"background-color: #ffffff; letter-spacing: normal;\">Org.nr 559175-5599<\/h5><\/div>\t\t\t\t\t\t\t\t<\/div>\n\t\t\t\t<\/div>\n\t\t\t\t<div class=\"elementor-element elementor-element-9b248fe elementor-widget elementor-widget-text-editor\" data-id=\"9b248fe\" data-element_type=\"widget\" data-e-type=\"widget\" data-widget_type=\"text-editor.default\">\n\t\t\t\t<div class=\"elementor-widget-container\">\n\t\t\t\t\t\t\t\t\t<h4><span style=\"text-decoration: underline;\">Kontaktuppgifter<\/span><\/h4><div><h5 style=\"background-color: #ffffff; letter-spacing: normal;\">stefan.bodin@hofab.se<br \/>Telefon: 073-201 50 58<\/h5><div><div><h5 style=\"background-color: #ffffff; letter-spacing: normal;\"><span style=\"background-color: #ffffff; text-align: var(--text-align);\">Telefon k\u00f6k: <a title=\"Ring Ute Weinert\" href=\"https:\/\/web.archive.org\/web\/20240417223829\/tel:0725749008\">072-574 90 08<\/a><\/span><\/h5><\/div><\/div><\/div>\t\t\t\t\t\t\t\t<\/div>\n\t\t\t\t<\/div>\n\t\t\t\t\t<\/div>\n\t\t\t\t<\/div>\n\t\t<div class=\"elementor-element elementor-element-4b0f068 e-flex e-con-boxed parallax_section_no qode_elementor_container_no e-con e-parent\" data-id=\"4b0f068\" data-element_type=\"container\" data-e-type=\"container\">\n\t\t\t\t\t<div class=\"e-con-inner\">\n\t\t\t\t<div class=\"elementor-element elementor-element-5e0de30 elementor-widget-divider--view-line elementor-widget elementor-widget-divider\" data-id=\"5e0de30\" data-element_type=\"widget\" data-e-type=\"widget\" data-widget_type=\"divider.default\">\n\t\t\t\t<div class=\"elementor-widget-container\">\n\t\t\t\t\t\t\t<div class=\"elementor-divider\">\n\t\t\t<span class=\"elementor-divider-separator\">\n\t\t\t\t\t\t<\/span>\n\t\t<\/div>\n\t\t\t\t\t\t<\/div>\n\t\t\t\t<\/div>\n\t\t\t\t\t<\/div>\n\t\t\t\t<\/div>\n\t\t<div class=\"elementor-element elementor-element-5408501 e-flex e-con-boxed parallax_section_no qode_elementor_container_no e-con e-parent\" data-id=\"5408501\" data-element_type=\"container\" data-e-type=\"container\">\n\t\t\t\t\t<div class=\"e-con-inner\">\n\t\t\t\t<div class=\"elementor-element elementor-element-dd2ef7d elementor-widget elementor-widget-heading\" data-id=\"dd2ef7d\" data-element_type=\"widget\" data-e-type=\"widget\" data-widget_type=\"heading.default\">\n\t\t\t\t<div class=\"elementor-widget-container\">\n\t\t\t\t\t<h2 class=\"elementor-heading-title elementor-size-default\">Administration<\/h2>\t\t\t\t<\/div>\n\t\t\t\t<\/div>\n\t\t\t\t\t<\/div>\n\t\t\t\t<\/div>\n\t\t<div class=\"elementor-element elementor-element-12fb6ba e-grid e-con-boxed parallax_section_no qode_elementor_container_no e-con e-parent\" data-id=\"12fb6ba\" data-element_type=\"container\" data-e-type=\"container\">\n\t\t\t\t\t<div class=\"e-con-inner\">\n\t\t\t\t<div class=\"elementor-element elementor-element-637c775 elementor-widget elementor-widget-text-editor\" data-id=\"637c775\" data-element_type=\"widget\" data-e-type=\"widget\" data-widget_type=\"text-editor.default\">\n\t\t\t\t<div class=\"elementor-widget-container\">\n\t\t\t\t\t\t\t\t\t<h4 class=\"contact-name\">Magnus Olsson<\/h4><h5 class=\"contact-title\">VD<\/h5><p><a href=\"tel:+4639344840\">036-34 48 40<\/a><\/p><p><a href=\"tel:+46706243681\">070-624 36 81<\/a><br \/><a href=\"mailto:magnus-olsson@hofab.se\">magnus-olsson@hofab.se<\/a><\/p>\t\t\t\t\t\t\t\t<\/div>\n\t\t\t\t<\/div>\n\t\t\t\t<div class=\"elementor-element elementor-element-b7b8f11 elementor-widget elementor-widget-text-editor\" data-id=\"b7b8f11\" data-element_type=\"widget\" data-e-type=\"widget\" data-widget_type=\"text-editor.default\">\n\t\t\t\t<div class=\"elementor-widget-container\">\n\t\t\t\t\t\t\t\t\t<div class=\"elementor-element elementor-element-2485be6 elementor-widget elementor-widget-heading\" style=\"background-color: #ffffff; gap: var(--row-gap) var(--column-gap); --widgets-spacing: 20px 20px; --widgets-spacing-row: 20px; --widgets-spacing-column: 20px; --kit-widget-spacing: 0px; max-width: 100%; color: #000000; font-family: 'DM Sans', sans-serif; font-size: 16px;\" data-id=\"2485be6\" data-element_type=\"widget\" data-widget_type=\"heading.default\">\n<div class=\"elementor-widget-container\" style=\"transition: background .3s,border .3s,border-radius .3s,box-shadow .3s,transform var(--e-transform-transition-duration,.4s); height: 44px;\">\n<h4 class=\"contact-name\">Stefan Bodin<\/h4>\n<h5 class=\"contact-title\">Platschef<\/h5>\n<p><a title=\"Ring Stefan Bodin\" href=\"tel:+46732015058\">073-201 50 58<\/a><\/p>\n<p><a href=\"tel:+4636344849\">036-34 48 49<br><\/a><a href=\"mailto:stefan.bodin@hofab.se\">stefan.bodin@hofab.se<\/a><\/p>\n<\/div>\n<\/div>\t\t\t\t\t\t\t\t<\/div>\n\t\t\t\t<\/div>\n\t\t\t\t<div class=\"elementor-element elementor-element-4a7b473 elementor-widget elementor-widget-text-editor\" data-id=\"4a7b473\" data-element_type=\"widget\" data-e-type=\"widget\" data-widget_type=\"text-editor.default\">\n\t\t\t\t<div class=\"elementor-widget-container\">\n\t\t\t\t\t\t\t\t\t<div style=\"background-color: #ffffff; gap: var(--row-gap) var(--column-gap); --widgets-spacing: 20px 20px; --widgets-spacing-row: 20px; --widgets-spacing-column: 20px; --kit-widget-spacing: 0px; max-width: 100%; color: #000000; font-family: 'DM Sans', sans-serif; font-size: 16px;\" data-id=\"5f60c27\" data-element_type=\"widget\" data-widget_type=\"heading.default\"><div style=\"transition: background .3s,border .3s,border-radius .3s,box-shadow .3s,transform var(--e-transform-transition-duration,.4s); height: 44px;\"><h4 class=\"contact-name\">Amela Baksic<\/h4><h5 class=\"contact-title\">Ekonomi &amp; administration<\/h5><p><a href=\"tel:+4636344842\">036-34 48 42<\/a><br \/><a title=\"Ring Amela Baksic\" href=\"tel:+46703617300\">070-361 73 00<\/a><br \/>amela.baksic@hofab.se<\/p><\/div><\/div>\t\t\t\t\t\t\t\t<\/div>\n\t\t\t\t<\/div>\n\t\t\t\t\t<\/div>\n\t\t\t\t<\/div>\n\t\t<div class=\"elementor-element elementor-element-a4801d6 e-flex e-con-boxed parallax_section_no qode_elementor_container_no e-con e-parent\" data-id=\"a4801d6\" data-element_type=\"container\" data-e-type=\"container\">\n\t\t\t\t\t<div class=\"e-con-inner\">\n\t\t\t\t<div class=\"elementor-element elementor-element-0eba03e elementor-widget-divider--view-line elementor-widget elementor-widget-divider\" data-id=\"0eba03e\" data-element_type=\"widget\" data-e-type=\"widget\" data-widget_type=\"divider.default\">\n\t\t\t\t<div class=\"elementor-widget-container\">\n\t\t\t\t\t\t\t<div class=\"elementor-divider\">\n\t\t\t<span class=\"elementor-divider-separator\">\n\t\t\t\t\t\t<\/span>\n\t\t<\/div>\n\t\t\t\t\t\t<\/div>\n\t\t\t\t<\/div>\n\t\t\t\t\t<\/div>\n\t\t\t\t<\/div>\n\t\t<div class=\"elementor-element elementor-element-5c61ba5 e-flex e-con-boxed parallax_section_no qode_elementor_container_no e-con e-parent\" data-id=\"5c61ba5\" data-element_type=\"container\" data-e-type=\"container\">\n\t\t\t\t\t<div class=\"e-con-inner\">\n\t\t\t\t<div class=\"elementor-element elementor-element-582bd1d elementor-widget elementor-widget-heading\" data-id=\"582bd1d\" data-element_type=\"widget\" data-e-type=\"widget\" data-widget_type=\"heading.default\">\n\t\t\t\t<div class=\"elementor-widget-container\">\n\t\t\t\t\t<h2 class=\"elementor-heading-title elementor-size-default\">Fastighet och Vaktm\u00e4steri<\/h2>\t\t\t\t<\/div>\n\t\t\t\t<\/div>\n\t\t\t\t\t<\/div>\n\t\t\t\t<\/div>\n\t\t<div class=\"elementor-element elementor-element-fa7d1fa e-grid e-con-boxed parallax_section_no qode_elementor_container_no e-con e-parent\" data-id=\"fa7d1fa\" data-element_type=\"container\" data-e-type=\"container\">\n\t\t\t\t\t<div class=\"e-con-inner\">\n\t\t\t\t<div class=\"elementor-element elementor-element-e5401bd elementor-widget elementor-widget-text-editor\" data-id=\"e5401bd\" data-element_type=\"widget\" data-e-type=\"widget\" data-widget_type=\"text-editor.default\">\n\t\t\t\t<div class=\"elementor-widget-container\">\n\t\t\t\t\t\t\t\t\t<h4 class=\"contact-name\">Henrik Hjalmarsson<\/h4><h5 class=\"contact-title\">Teknisk F\u00f6rvaltare<\/h5><p><a title=\"Ring Henrik Hjalmarsson\" href=\"tel:+46725749216\">072 574 92 16<\/a><br \/><a href=\"mailto:henrik.hjalmarsson@campusgranna.se\">henrik.hjalmarsson@campusgranna.se<\/a><\/p>\t\t\t\t\t\t\t\t<\/div>\n\t\t\t\t<\/div>\n\t\t\t\t<div class=\"elementor-element elementor-element-8421913 elementor-widget elementor-widget-text-editor\" data-id=\"8421913\" data-element_type=\"widget\" data-e-type=\"widget\" data-widget_type=\"text-editor.default\">\n\t\t\t\t<div class=\"elementor-widget-container\">\n\t\t\t\t\t\t\t\t\t<h4 class=\"contact-name\">Torgny Arvidsson<\/h4><h5 class=\"contact-title\">Drifttekniker<\/h5><p><a title=\"Ring Torgny Arvidsson\" href=\"tel:+46725749217\">072 574 92 17<\/a><br \/><a href=\"mailto:torgny.arvidsson@campusgranna.se\">torgny.arvidsson@campusgranna.se<\/a><\/p>\t\t\t\t\t\t\t\t<\/div>\n\t\t\t\t<\/div>\n\t\t\t\t\t<\/div>\n\t\t\t\t<\/div>\n\t\t<div class=\"elementor-element elementor-element-ac729c0 e-flex e-con-boxed parallax_section_no qode_elementor_container_no e-con e-parent\" data-id=\"ac729c0\" data-element_type=\"container\" data-e-type=\"container\">\n\t\t\t\t\t<div class=\"e-con-inner\">\n\t\t\t\t<div class=\"elementor-element elementor-element-fc73e0b elementor-widget-divider--view-line elementor-widget elementor-widget-divider\" data-id=\"fc73e0b\" data-element_type=\"widget\" data-e-type=\"widget\" data-widget_type=\"divider.default\">\n\t\t\t\t<div class=\"elementor-widget-container\">\n\t\t\t\t\t\t\t<div class=\"elementor-divider\">\n\t\t\t<span class=\"elementor-divider-separator\">\n\t\t\t\t\t\t<\/span>\n\t\t<\/div>\n\t\t\t\t\t\t<\/div>\n\t\t\t\t<\/div>\n\t\t\t\t\t<\/div>\n\t\t\t\t<\/div>\n\t\t<div class=\"elementor-element elementor-element-b222d41 e-flex e-con-boxed parallax_section_no qode_elementor_container_no e-con e-parent\" data-id=\"b222d41\" data-element_type=\"container\" data-e-type=\"container\">\n\t\t\t\t\t<div class=\"e-con-inner\">\n\t\t\t\t<div class=\"elementor-element elementor-element-af54e1f elementor-widget elementor-widget-heading\" data-id=\"af54e1f\" data-element_type=\"widget\" data-e-type=\"widget\" data-widget_type=\"heading.default\">\n\t\t\t\t<div class=\"elementor-widget-container\">\n\t\t\t\t\t<h2 class=\"elementor-heading-title elementor-size-default\"><span style=\"letter-spacing: -1.1px\">Restaurang <\/span><\/h2>\t\t\t\t<\/div>\n\t\t\t\t<\/div>\n\t\t\t\t\t<\/div>\n\t\t\t\t<\/div>\n\t\t<div class=\"elementor-element elementor-element-8182ca1 e-grid e-con-boxed parallax_section_no qode_elementor_container_no e-con e-parent\" data-id=\"8182ca1\" data-element_type=\"container\" data-e-type=\"container\">\n\t\t\t\t\t<div class=\"e-con-inner\">\n\t\t\t\t<div class=\"elementor-element elementor-element-5063d9c elementor-widget elementor-widget-text-editor\" data-id=\"5063d9c\" data-element_type=\"widget\" data-e-type=\"widget\" data-widget_type=\"text-editor.default\">\n\t\t\t\t<div class=\"elementor-widget-container\">\n\t\t\t\t\t\t\t\t\t<h4 class=\"contact-name\">Annette Nord<\/h4><h5 class=\"contact-title\">Konferens\u00a0<\/h5><p><a title=\"Ring Annette Nord\" href=\"tel:+46725749008\">072 574 90 08<\/a><br \/><a href=\"mailto:annette.nord@campusgranna.se\">annette.nord@campusgranna.se<\/a><\/p>\t\t\t\t\t\t\t\t<\/div>\n\t\t\t\t<\/div>\n\t\t\t\t<div class=\"elementor-element elementor-element-24af9c2 elementor-widget elementor-widget-text-editor\" data-id=\"24af9c2\" data-element_type=\"widget\" data-e-type=\"widget\" data-widget_type=\"text-editor.default\">\n\t\t\t\t<div class=\"elementor-widget-container\">\n\t\t\t\t\t\t\t\t\t<h4 class=\"contact-name\">Veronica Karlsson<\/h4><h5 class=\"contact-title\">Kock<\/h5><p><a title=\"Ring Veronica Karlsson\" href=\"tel:+46725749008\">072 574 90 08<\/a><br \/><a href=\"mailto:veronica.karlsson@campusgranna.se\">veronica.karlsson@campusgranna.se<\/a><\/p>\t\t\t\t\t\t\t\t<\/div>\n\t\t\t\t<\/div>\n\t\t\t\t<div class=\"elementor-element elementor-element-309ccf7 elementor-widget elementor-widget-text-editor\" data-id=\"309ccf7\" data-element_type=\"widget\" data-e-type=\"widget\" data-widget_type=\"text-editor.default\">\n\t\t\t\t<div class=\"elementor-widget-container\">\n\t\t\t\t\t\t\t\t\t<h4 class=\"contact-name\">Behjat Aliasghari<\/h4><h5 class=\"contact-title\">Kock<\/h5><p><a title=\"Ring Behjat Aliasghari\" href=\"tel:+46725749008\">072 574 90 08<\/a><br \/><a href=\"mailto:behjat.aliasghari@campusgranna.se\">behjat.aliasghari@campusgranna.se<\/a><\/p>\t\t\t\t\t\t\t\t<\/div>\n\t\t\t\t<\/div>\n\t\t\t\t\t<\/div>\n\t\t\t\t<\/div>\n\t\t<div class=\"elementor-element elementor-element-1116b28 e-flex e-con-boxed parallax_section_no qode_elementor_container_no e-con e-parent\" data-id=\"1116b28\" data-element_type=\"container\" data-e-type=\"container\">\n\t\t\t\t\t<div class=\"e-con-inner\">\n\t\t\t\t<div class=\"elementor-element elementor-element-bd0918a elementor-widget-divider--view-line elementor-widget elementor-widget-divider\" data-id=\"bd0918a\" data-element_type=\"widget\" data-e-type=\"widget\" data-widget_type=\"divider.default\">\n\t\t\t\t<div class=\"elementor-widget-container\">\n\t\t\t\t\t\t\t<div class=\"elementor-divider\">\n\t\t\t<span class=\"elementor-divider-separator\">\n\t\t\t\t\t\t<\/span>\n\t\t<\/div>\n\t\t\t\t\t\t<\/div>\n\t\t\t\t<\/div>\n\t\t\t\t\t<\/div>\n\t\t\t\t<\/div>\n\t\t<div class=\"elementor-element elementor-element-287b2ee e-flex e-con-boxed parallax_section_no qode_elementor_container_no e-con e-parent\" data-id=\"287b2ee\" data-element_type=\"container\" data-e-type=\"container\">\n\t\t\t\t\t<div class=\"e-con-inner\">\n\t\t\t\t<div class=\"elementor-element elementor-element-00a1ec7 elementor-widget elementor-widget-heading\" data-id=\"00a1ec7\" data-element_type=\"widget\" data-e-type=\"widget\" data-widget_type=\"heading.default\">\n\t\t\t\t<div class=\"elementor-widget-container\">\n\t\t\t\t\t<h2 class=\"elementor-heading-title elementor-size-default\">Lokalv\u00e5rd och <span style=\"letter-spacing: -1.1px\">Konferens<\/span><\/h2>\t\t\t\t<\/div>\n\t\t\t\t<\/div>\n\t\t\t\t\t<\/div>\n\t\t\t\t<\/div>\n\t\t<div class=\"elementor-element elementor-element-fbda74d e-grid e-con-boxed parallax_section_no qode_elementor_container_no e-con e-parent\" data-id=\"fbda74d\" data-element_type=\"container\" data-e-type=\"container\">\n\t\t\t\t\t<div class=\"e-con-inner\">\n\t\t\t\t<div class=\"elementor-element elementor-element-af8dc7c elementor-widget elementor-widget-text-editor\" data-id=\"af8dc7c\" data-element_type=\"widget\" data-e-type=\"widget\" data-widget_type=\"text-editor.default\">\n\t\t\t\t<div class=\"elementor-widget-container\">\n\t\t\t\t\t\t\t\t\t<h4 class=\"contact-name\">Anette Eliasson<\/h4><h5 class=\"contact-title\">Lokalv\u00e5rd<\/h5><p><a title=\"Ring Anette Eliasson\" href=\"tel:+46725749223\">072 574 92 23<\/a><br \/><a href=\"mailto:anette.eliasson@campusgranna.se\">anette.eliasson@campusgranna.se<\/a><\/p>\t\t\t\t\t\t\t\t<\/div>\n\t\t\t\t<\/div>\n\t\t\t\t<div class=\"elementor-element elementor-element-b0167a7 elementor-widget elementor-widget-text-editor\" data-id=\"b0167a7\" data-element_type=\"widget\" data-e-type=\"widget\" data-widget_type=\"text-editor.default\">\n\t\t\t\t<div class=\"elementor-widget-container\">\n\t\t\t\t\t\t\t\t\t<h4 class=\"contact-name\">Annette Nord<\/h4><h5 class=\"contact-title\">Konferens\u00a0<\/h5><p><a title=\"Ring Annette Nord\" href=\"tel:+46725749008\">072 574 90 08<\/a><br \/><a href=\"mailto:annette.nord@campusgranna.se\">annette.nord@campusgranna.se<\/a><\/p>\t\t\t\t\t\t\t\t<\/div>\n\t\t\t\t<\/div>\n\t\t\t\t\t<\/div>\n\t\t\t\t<\/div>\n\t\t<div class=\"elementor-element elementor-element-b6a6278 e-flex e-con-boxed parallax_section_no qode_elementor_container_no e-con e-parent\" data-id=\"b6a6278\" data-element_type=\"container\" data-e-type=\"container\">\n\t\t\t\t\t<div class=\"e-con-inner\">\n\t\t\t\t\t<\/div>\n\t\t\t\t<\/div>\n\t\t\t\t<\/div>","protected":false},"excerpt":{"rendered":"<p>Kontakt Omtanke &#8211; Engagemang &#8211; Gl\u00e4dje &#8211; Trygghet Bes\u00f6ksadress Campus Gr\u00e4nna AB Bergsgatan 38\u00a0 563 32 Gr\u00e4nna\u00a0 Sweden\u00a0 Postadress Campus Gr\u00e4nna AB Gjuterigatan 3B 553 18 J\u00f6nk\u00f6ping \u00a0 Faktura Faktura skickas med e-post till:Ekonomi@hofab.se Org.nr 559175-5599 Kontaktuppgifter stefan.bodin@hofab.seTelefon: 073-201 50 58 Telefon k\u00f6k: 072-574 90&#8230;<\/p>","protected":false},"author":1,"featured_media":0,"parent":0,"menu_order":0,"comment_status":"closed","ping_status":"closed","template":"full_width.php","meta":{"footnotes":""},"class_list":["post-14631","page","type-page","status-publish","hentry"],"_links":{"self":[{"href":"https:\/\/campusgranna.se\/en\/wp-json\/wp\/v2\/pages\/14631","targetHints":{"allow":["GET"]}}],"collection":[{"href":"https:\/\/campusgranna.se\/en\/wp-json\/wp\/v2\/pages"}],"about":[{"href":"https:\/\/campusgranna.se\/en\/wp-json\/wp\/v2\/types\/page"}],"author":[{"embeddable":true,"href":"https:\/\/campusgranna.se\/en\/wp-json\/wp\/v2\/users\/1"}],"replies":[{"embeddable":true,"href":"https:\/\/campusgranna.se\/en\/wp-json\/wp\/v2\/comments?post=14631"}],"version-history":[{"count":5,"href":"https:\/\/campusgranna.se\/en\/wp-json\/wp\/v2\/pages\/14631\/revisions"}],"predecessor-version":[{"id":16257,"href":"https:\/\/campusgranna.se\/en\/wp-json\/wp\/v2\/pages\/14631\/revisions\/16257"}],"wp:attachment":[{"href":"https:\/\/campusgranna.se\/en\/wp-json\/wp\/v2\/media?parent=14631"}],"curies":[{"name":"wp","href":"https:\/\/api.w.org\/{rel}","templated":true}]}}