{"id":15655,"date":"2024-12-10T19:39:53","date_gmt":"2024-12-10T17:39:53","guid":{"rendered":"https:\/\/cg-web.hj.se\/?page_id=15655"},"modified":"2026-04-14T15:04:45","modified_gmt":"2026-04-14T14:04:45","slug":"dokument","status":"publish","type":"page","link":"https:\/\/campusgranna.se\/en\/dokument\/","title":{"rendered":"Dokument"},"content":{"rendered":"<div data-elementor-type=\"wp-page\" data-elementor-id=\"15655\" class=\"elementor elementor-15655\">\n\t\t\t\t<div class=\"elementor-element elementor-element-1b10c19 e-con-full e-flex parallax_section_no qode_elementor_container_no e-con e-parent\" data-id=\"1b10c19\" data-element_type=\"container\" data-e-type=\"container\" data-settings=\"{&quot;background_background&quot;:&quot;classic&quot;}\">\n\t\t<div class=\"elementor-element elementor-element-6a266b8 e-flex e-con-boxed parallax_section_no qode_elementor_container_no e-con e-child\" data-id=\"6a266b8\" data-element_type=\"container\" data-e-type=\"container\">\n\t\t\t\t\t<div class=\"e-con-inner\">\n\t\t\t\t<div class=\"elementor-element elementor-element-46f4b18 elementor-widget__width-initial elementor-widget elementor-widget-text-editor\" data-id=\"46f4b18\" data-element_type=\"widget\" data-e-type=\"widget\" data-widget_type=\"text-editor.default\">\n\t\t\t\t<div class=\"elementor-widget-container\">\n\t\t\t\t\t\t\t\t\t<h1><span style=\"color: #ffffff;\">Dokument<\/span><\/h1>\t\t\t\t\t\t\t\t<\/div>\n\t\t\t\t<\/div>\n\t\t\t\t<div class=\"elementor-element elementor-element-67748f9 elementor-widget__width-initial elementor-widget elementor-widget-text-editor\" data-id=\"67748f9\" data-element_type=\"widget\" data-e-type=\"widget\" data-widget_type=\"text-editor.default\">\n\t\t\t\t<div class=\"elementor-widget-container\">\n\t\t\t\t\t\t\t\t\t<h4><span style=\"color: #ffffff;\">Dokumentation \u00e4r broar mellan d\u00e5tid, nutid och framtid.<\/span><\/h4>\t\t\t\t\t\t\t\t<\/div>\n\t\t\t\t<\/div>\n\t\t\t\t\t<\/div>\n\t\t\t\t<\/div>\n\t\t\t\t<\/div>\n\t\t<div class=\"elementor-element elementor-element-df94186 e-flex e-con-boxed parallax_section_no qode_elementor_container_no e-con e-parent\" data-id=\"df94186\" data-element_type=\"container\" data-e-type=\"container\">\n\t\t\t\t\t<div class=\"e-con-inner\">\n\t\t\t\t<div class=\"elementor-element elementor-element-f32fe5b elementor-widget elementor-widget-spacer\" data-id=\"f32fe5b\" data-element_type=\"widget\" data-e-type=\"widget\" data-widget_type=\"spacer.default\">\n\t\t\t\t<div class=\"elementor-widget-container\">\n\t\t\t\t\t\t\t<div class=\"elementor-spacer\">\n\t\t\t<div class=\"elementor-spacer-inner\"><\/div>\n\t\t<\/div>\n\t\t\t\t\t\t<\/div>\n\t\t\t\t<\/div>\n\t\t\t\t<div class=\"elementor-element elementor-element-133fce5 elementor-widget elementor-widget-text-editor\" data-id=\"133fce5\" data-element_type=\"widget\" data-e-type=\"widget\" data-widget_type=\"text-editor.default\">\n\t\t\t\t<div class=\"elementor-widget-container\">\n\t\t\t\t\t\t\t\t\t<h2>\u00c5rsredovisningar<\/h2><div><b>\u00a0<\/b><\/div><h5><a href=\"https:\/\/campusgranna.se\/wp-content\/uploads\/2026\/04\/Arsredovisning-2025-Campus-Granna_tillg.pdf\">\u00c5rsredovisning 2025 Campus Gr\u00e4nna<\/a><\/h5>\t\t\t\t\t\t\t\t<\/div>\n\t\t\t\t<\/div>\n\t\t\t\t\t<\/div>\n\t\t\t\t<\/div>\n\t\t<div class=\"elementor-element elementor-element-68ba0d8 e-flex e-con-boxed parallax_section_no qode_elementor_container_no e-con e-parent\" data-id=\"68ba0d8\" data-element_type=\"container\" data-e-type=\"container\">\n\t\t\t\t\t<div class=\"e-con-inner\">\n\t\t\t\t<div class=\"elementor-element elementor-element-ccd41eb elementor-widget elementor-widget-spacer\" data-id=\"ccd41eb\" data-element_type=\"widget\" data-e-type=\"widget\" data-widget_type=\"spacer.default\">\n\t\t\t\t<div class=\"elementor-widget-container\">\n\t\t\t\t\t\t\t<div class=\"elementor-spacer\">\n\t\t\t<div class=\"elementor-spacer-inner\"><\/div>\n\t\t<\/div>\n\t\t\t\t\t\t<\/div>\n\t\t\t\t<\/div>\n\t\t\t\t<div class=\"elementor-element elementor-element-482ef2f elementor-widget elementor-widget-text-editor\" data-id=\"482ef2f\" data-element_type=\"widget\" data-e-type=\"widget\" data-widget_type=\"text-editor.default\">\n\t\t\t\t<div class=\"elementor-widget-container\">\n\t\t\t\t\t\t\t\t\t<h2>Energideklarationer<\/h2><div><b>\u00a0<\/b><\/div><h5><a href=\"https:\/\/campusgranna.se\/wp-content\/uploads\/2025\/03\/Adjutanten_3_norra_sodra_positljonen_1260132-sammanfattningar.pdf\">Postiljonen<\/a><\/h5><h5><a href=\"https:\/\/campusgranna.se\/wp-content\/uploads\/2025\/03\/Borgmastaren_1_bergsgarden_1260192-sammanfattningar-1.pdf\">Bergsg\u00e5rden<\/a><\/h5><h5><a href=\"https:\/\/campusgranna.se\/wp-content\/uploads\/2025\/03\/Borgmastaren_10_roda_stugan_1288991-sammanfattningar.pdf\">R\u00f6da Stugan<\/a><\/h5><h5><a href=\"https:\/\/campusgranna.se\/wp-content\/uploads\/2025\/03\/Borgmastaren_10_Skolbyggnad_1260191-sammanfattningar.pdf\">Skolbyggnad<\/a><\/h5><h5><a href=\"https:\/\/campusgranna.se\/wp-content\/uploads\/2025\/03\/Borgmastaren_11_musikstugan_1260194-sammanfattningar.pdf\">Musikstugan<\/a><\/h5><h5><a href=\"https:\/\/campusgranna.se\/wp-content\/uploads\/2025\/03\/Borgmastaren_11_Smedjan_1288960-sammanfattningar.pdf\">Smedjan<\/a><\/h5><h5><a href=\"https:\/\/campusgranna.se\/wp-content\/uploads\/2025\/03\/Borgmastaren_11_abergskan_1260193-sammanfattningar.pdf\">\u00c5bergskan<\/a><\/h5><h5><a href=\"https:\/\/campusgranna.se\/wp-content\/uploads\/2025\/03\/Tva_liljor_5_restaurangen_1260133-sammanfattningar.pdf\">Restaurangen<\/a><\/h5>\t\t\t\t\t\t\t\t<\/div>\n\t\t\t\t<\/div>\n\t\t\t\t\t<\/div>\n\t\t\t\t<\/div>\n\t\t\t\t<\/div>","protected":false},"excerpt":{"rendered":"<p>Dokument Dokumentation \u00e4r broar mellan d\u00e5tid, nutid och framtid. \u00c5rsredovisningar \u00a0 \u00c5rsredovisning 2025 Campus Gr\u00e4nna Energideklarationer \u00a0 Postiljonen Bergsg\u00e5rden R\u00f6da Stugan Skolbyggnad Musikstugan Smedjan \u00c5bergskan Restaurangen<\/p>","protected":false},"author":1,"featured_media":0,"parent":0,"menu_order":0,"comment_status":"closed","ping_status":"closed","template":"full_width.php","meta":{"footnotes":""},"class_list":["post-15655","page","type-page","status-publish","hentry"],"_links":{"self":[{"href":"https:\/\/campusgranna.se\/en\/wp-json\/wp\/v2\/pages\/15655","targetHints":{"allow":["GET"]}}],"collection":[{"href":"https:\/\/campusgranna.se\/en\/wp-json\/wp\/v2\/pages"}],"about":[{"href":"https:\/\/campusgranna.se\/en\/wp-json\/wp\/v2\/types\/page"}],"author":[{"embeddable":true,"href":"https:\/\/campusgranna.se\/en\/wp-json\/wp\/v2\/users\/1"}],"replies":[{"embeddable":true,"href":"https:\/\/campusgranna.se\/en\/wp-json\/wp\/v2\/comments?post=15655"}],"version-history":[{"count":5,"href":"https:\/\/campusgranna.se\/en\/wp-json\/wp\/v2\/pages\/15655\/revisions"}],"predecessor-version":[{"id":16224,"href":"https:\/\/campusgranna.se\/en\/wp-json\/wp\/v2\/pages\/15655\/revisions\/16224"}],"wp:attachment":[{"href":"https:\/\/campusgranna.se\/en\/wp-json\/wp\/v2\/media?parent=15655"}],"curies":[{"name":"wp","href":"https:\/\/api.w.org\/{rel}","templated":true}]}}